{"id":79614,"date":"2021-06-29T08:47:47","date_gmt":"2021-06-29T08:47:47","guid":{"rendered":"http:\/\/eurocesped.clientesplataforma.com\/mantenimiento-de-cesped-artificial\/"},"modified":"2022-06-01T08:04:25","modified_gmt":"2022-06-01T08:04:25","slug":"mantenimiento-de-cesped-artificial","status":"publish","type":"page","link":"https:\/\/eurocesped.com\/fr\/service-client\/mantenimiento-de-cesped-artificial\/","title":{"rendered":"Mantenimiento de c\u00e9sped artificial"},"content":{"rendered":"\t\t<div data-elementor-type=\"wp-page\" data-elementor-id=\"79614\" class=\"elementor elementor-79614 elementor-61418\">\n\t\t\t\t\t\t\t\t\t<section class=\"elementor-section elementor-top-section elementor-element elementor-element-891839d elementor-section-full_width elementor-section-height-min-height elementor-section-height-default elementor-section-items-middle\" data-id=\"891839d\" data-element_type=\"section\" data-settings=\"{&quot;background_background&quot;:&quot;classic&quot;,&quot;background_motion_fx_motion_fx_scrolling&quot;:&quot;yes&quot;,&quot;background_motion_fx_translateY_effect&quot;:&quot;yes&quot;,&quot;background_motion_fx_translateY_speed&quot;:{&quot;unit&quot;:&quot;px&quot;,&quot;size&quot;:4,&quot;sizes&quot;:[]},&quot;background_motion_fx_translateY_affectedRange&quot;:{&quot;unit&quot;:&quot;%&quot;,&quot;size&quot;:&quot;&quot;,&quot;sizes&quot;:{&quot;start&quot;:0,&quot;end&quot;:100}},&quot;background_motion_fx_devices&quot;:[&quot;desktop&quot;,&quot;tablet&quot;,&quot;mobile&quot;]}\">\n\t\t\t\t\t\t<div class=\"elementor-container elementor-column-gap-default\">\n\t\t\t\t\t<div class=\"elementor-column elementor-col-50 elementor-top-column elementor-element elementor-element-f0a7f91\" data-id=\"f0a7f91\" data-element_type=\"column\">\n\t\t\t<div class=\"elementor-widget-wrap elementor-element-populated\">\n\t\t\t\t\t\t\t\t<div class=\"elementor-element elementor-element-089310b elementor-invisible elementor-widget elementor-widget-heading\" data-id=\"089310b\" data-element_type=\"widget\" data-settings=\"{&quot;_animation&quot;:&quot;fadeInDown&quot;}\" data-widget_type=\"heading.default\">\n\t\t\t\t<div class=\"elementor-widget-container\">\n\t\t\t<p class=\"elementor-heading-title elementor-size-default\">Mant\u00e9n tu c\u00e9sped como el primer d\u00eda\n<\/p>\t\t<\/div>\n\t\t\t\t<\/div>\n\t\t\t\t<div class=\"elementor-element elementor-element-c624c97 elementor-invisible elementor-widget elementor-widget-heading\" data-id=\"c624c97\" data-element_type=\"widget\" data-settings=\"{&quot;_animation&quot;:&quot;fadeInDown&quot;}\" data-widget_type=\"heading.default\">\n\t\t\t\t<div class=\"elementor-widget-container\">\n\t\t\t<h1 class=\"elementor-heading-title elementor-size-default\">Mantenimiento de c\u00e9sped artificial\n<\/h1>\t\t<\/div>\n\t\t\t\t<\/div>\n\t\t\t\t\t<\/div>\n\t\t<\/div>\n\t\t\t\t<div class=\"elementor-column elementor-col-50 elementor-top-column elementor-element elementor-element-a9b8462\" data-id=\"a9b8462\" data-element_type=\"column\">\n\t\t\t<div class=\"elementor-widget-wrap\">\n\t\t\t\t\t\t\t\t\t<\/div>\n\t\t<\/div>\n\t\t\t\t\t\t\t<\/div>\n\t\t<\/section>\n\t\t\t\t<section class=\"elementor-section elementor-top-section elementor-element elementor-element-0878bc1 elementor-section-height-min-height elementor-section-full_width elementor-section-height-default elementor-section-items-middle\" data-id=\"0878bc1\" data-element_type=\"section\" data-settings=\"{&quot;background_background&quot;:&quot;classic&quot;}\">\n\t\t\t\t\t\t<div class=\"elementor-container elementor-column-gap-default\">\n\t\t\t\t\t<div class=\"elementor-column elementor-col-100 elementor-top-column elementor-element elementor-element-7acbeba\" data-id=\"7acbeba\" data-element_type=\"column\">\n\t\t\t<div class=\"elementor-widget-wrap elementor-element-populated\">\n\t\t\t\t\t\t\t\t<div class=\"elementor-element elementor-element-0e73d97 elementor-invisible elementor-widget elementor-widget-heading\" data-id=\"0e73d97\" data-element_type=\"widget\" data-settings=\"{&quot;_animation&quot;:&quot;fadeInUp&quot;}\" data-widget_type=\"heading.default\">\n\t\t\t\t<div class=\"elementor-widget-container\">\n\t\t\t<p class=\"elementor-heading-title elementor-size-default\">El hecho de <a href=\"\/atencion-al-cliente\/\" style=\"color:#998542\">comprar c\u00e9sped artificial<\/a> eurocesped ya cuenta con la m\u00e1xima garant\u00eda y durabilidad, pero si quieres mantenerlo en las mejores condiciones el m\u00e1ximo tiempo posible solo tienes que seguir unos sencillos pasos de mantenimiento.\n\n<\/p>\t\t<\/div>\n\t\t\t\t<\/div>\n\t\t\t\t<section class=\"elementor-section elementor-inner-section elementor-element elementor-element-92b6516 elementor-section-boxed elementor-section-height-default elementor-section-height-default\" data-id=\"92b6516\" data-element_type=\"section\">\n\t\t\t\t\t\t<div class=\"elementor-container elementor-column-gap-wide\">\n\t\t\t\t\t<div class=\"elementor-column elementor-col-50 elementor-inner-column elementor-element elementor-element-4545d76\" data-id=\"4545d76\" data-element_type=\"column\" data-settings=\"{&quot;background_background&quot;:&quot;classic&quot;}\">\n\t\t\t<div class=\"elementor-widget-wrap elementor-element-populated\">\n\t\t\t\t\t\t\t\t<div class=\"elementor-element elementor-element-cb47a7a elementor-widget elementor-widget-heading\" data-id=\"cb47a7a\" data-element_type=\"widget\" data-widget_type=\"heading.default\">\n\t\t\t\t<div class=\"elementor-widget-container\">\n\t\t\t<h2 class=\"elementor-heading-title elementor-size-default\">Mantenimiento c\u00e9sped artificial: Limpieza normal<\/h2>\t\t<\/div>\n\t\t\t\t<\/div>\n\t\t\t\t<div class=\"elementor-element elementor-element-39065b6 elementor-invisible elementor-widget elementor-widget-heading\" data-id=\"39065b6\" data-element_type=\"widget\" data-settings=\"{&quot;_animation&quot;:&quot;fadeInUp&quot;}\" data-widget_type=\"heading.default\">\n\t\t\t\t<div class=\"elementor-widget-container\">\n\t\t\t<p class=\"elementor-heading-title elementor-size-default\">Durante los meses m\u00e1s secos, el polvo puede depositarse sobre el c\u00e9sped, por lo que es conveniente lavarlo unos minutos con la manguera para mantener el c\u00e9sped con todo su color y siempre brillante.\n\n\n\n\n<\/p>\t\t<\/div>\n\t\t\t\t<\/div>\n\t\t\t\t\t<\/div>\n\t\t<\/div>\n\t\t\t\t<div class=\"elementor-column elementor-col-50 elementor-inner-column elementor-element elementor-element-3fc9e2e\" data-id=\"3fc9e2e\" data-element_type=\"column\" data-settings=\"{&quot;background_background&quot;:&quot;classic&quot;}\">\n\t\t\t<div class=\"elementor-widget-wrap elementor-element-populated\">\n\t\t\t\t\t\t\t\t<div class=\"elementor-element elementor-element-920779b elementor-widget elementor-widget-heading\" data-id=\"920779b\" data-element_type=\"widget\" data-widget_type=\"heading.default\">\n\t\t\t\t<div class=\"elementor-widget-container\">\n\t\t\t<h2 class=\"elementor-heading-title elementor-size-default\">Cepillado\u200b<\/h2>\t\t<\/div>\n\t\t\t\t<\/div>\n\t\t\t\t<div class=\"elementor-element elementor-element-2a90330 elementor-invisible elementor-widget elementor-widget-heading\" data-id=\"2a90330\" data-element_type=\"widget\" data-settings=\"{&quot;_animation&quot;:&quot;fadeInUp&quot;}\" data-widget_type=\"heading.default\">\n\t\t\t\t<div class=\"elementor-widget-container\">\n\t\t\t<p class=\"elementor-heading-title elementor-size-default\">Con el tiempo y el uso, el c\u00e9sped puede perder verticalidad y volumen. El Cepillado mediante un cepillo de hebra larga devolver\u00e1 al c\u00e9sped su aspecto original. En condiciones normales ser\u00e1 suficiente que cepille el c\u00e9sped una vez cada tres meses. Naturalmente la frecuencia de esta operaci\u00f3n depender\u00e1 del uso al que se someta cada superficie.<\/p>\t\t<\/div>\n\t\t\t\t<\/div>\n\t\t\t\t\t<\/div>\n\t\t<\/div>\n\t\t\t\t\t\t\t<\/div>\n\t\t<\/section>\n\t\t\t\t<section class=\"elementor-section elementor-inner-section elementor-element elementor-element-5800c83 elementor-section-boxed elementor-section-height-default elementor-section-height-default\" data-id=\"5800c83\" data-element_type=\"section\">\n\t\t\t\t\t\t<div class=\"elementor-container elementor-column-gap-wide\">\n\t\t\t\t\t<div class=\"elementor-column elementor-col-50 elementor-inner-column elementor-element elementor-element-6f664a7\" data-id=\"6f664a7\" data-element_type=\"column\" data-settings=\"{&quot;background_background&quot;:&quot;classic&quot;}\">\n\t\t\t<div class=\"elementor-widget-wrap elementor-element-populated\">\n\t\t\t\t\t\t\t\t<div class=\"elementor-element elementor-element-1f7b480 elementor-widget elementor-widget-heading\" data-id=\"1f7b480\" data-element_type=\"widget\" data-widget_type=\"heading.default\">\n\t\t\t\t<div class=\"elementor-widget-container\">\n\t\t\t<h2 class=\"elementor-heading-title elementor-size-default\">Meteorolog\u00eda adversa <\/h2>\t\t<\/div>\n\t\t\t\t<\/div>\n\t\t\t\t<div class=\"elementor-element elementor-element-a2ea1ba elementor-invisible elementor-widget elementor-widget-heading\" data-id=\"a2ea1ba\" data-element_type=\"widget\" data-settings=\"{&quot;_animation&quot;:&quot;fadeInUp&quot;}\" data-widget_type=\"heading.default\">\n\t\t\t\t<div class=\"elementor-widget-container\">\n\t\t\t<p class=\"elementor-heading-title elementor-size-default\">Desde ahora ya no tendr\u00e1 que preocuparse por el efecto de las condiciones meteorol\u00f3gicas sobre su jard\u00edn. El c\u00e9sped artificial no sufre ning\u00fan da\u00f1o por el fuerte calor del sol intenso en verano, ni por el fr\u00edo, las heladas, la nieve o las fuertes lluvias. Resiste a la perfecci\u00f3n cualquier inclemencia del tiempo. Es muy poco probable, pero podr\u00eda darse el caso de que aparecieran algas o musgo sobre el c\u00e9sped artificial cuando su instalaci\u00f3n se realiza en zonas muy h\u00famedas y muy poco expuestas a la luz del sol. Si \u00e9se fuera su caso, bastar\u00e1 con rociar el c\u00e9sped con alg\u00fan producto antialgas o antihierbas (para el musgo) diluido en agua.\n\n\n\n\n<\/p>\t\t<\/div>\n\t\t\t\t<\/div>\n\t\t\t\t\t<\/div>\n\t\t<\/div>\n\t\t\t\t<div class=\"elementor-column elementor-col-50 elementor-inner-column elementor-element elementor-element-11d8872\" data-id=\"11d8872\" data-element_type=\"column\" data-settings=\"{&quot;background_background&quot;:&quot;classic&quot;}\">\n\t\t\t<div class=\"elementor-widget-wrap elementor-element-populated\">\n\t\t\t\t\t\t\t\t<div class=\"elementor-element elementor-element-4e356c0 elementor-widget elementor-widget-heading\" data-id=\"4e356c0\" data-element_type=\"widget\" data-widget_type=\"heading.default\">\n\t\t\t\t<div class=\"elementor-widget-container\">\n\t\t\t<h2 class=\"elementor-heading-title elementor-size-default\">Animales dom\u00e9sticos<\/h2>\t\t<\/div>\n\t\t\t\t<\/div>\n\t\t\t\t<div class=\"elementor-element elementor-element-e60cb97 elementor-invisible elementor-widget elementor-widget-heading\" data-id=\"e60cb97\" data-element_type=\"widget\" data-settings=\"{&quot;_animation&quot;:&quot;fadeInUp&quot;}\" data-widget_type=\"heading.default\">\n\t\t\t\t<div class=\"elementor-widget-container\">\n\t\t\t<p class=\"elementor-heading-title elementor-size-default\">Si usted tiene mascotas sabr\u00e1 que la orina y las heces de los animales perjudican seriamente el c\u00e9sped natural. Ahora puede estar m\u00e1s tranquilo porque en el caso de que sus animales orinen o defequen en su c\u00e9sped artificial sus restos se pueden limpiar con lej\u00eda diluida, jabones y detergentes sint\u00e9ticos o l\u00edquidos. Siempre que estos productos est\u00e9n libres de agentes abrasivos no da\u00f1ar\u00e1n el producto.\n\n\n\n\n<\/p>\t\t<\/div>\n\t\t\t\t<\/div>\n\t\t\t\t\t<\/div>\n\t\t<\/div>\n\t\t\t\t\t\t\t<\/div>\n\t\t<\/section>\n\t\t\t\t<section class=\"elementor-section elementor-inner-section elementor-element elementor-element-f3137e7 elementor-section-boxed elementor-section-height-default elementor-section-height-default\" data-id=\"f3137e7\" data-element_type=\"section\">\n\t\t\t\t\t\t<div class=\"elementor-container elementor-column-gap-wide\">\n\t\t\t\t\t<div class=\"elementor-column elementor-col-100 elementor-inner-column elementor-element elementor-element-d9c3bc0\" data-id=\"d9c3bc0\" data-element_type=\"column\" data-settings=\"{&quot;background_background&quot;:&quot;classic&quot;}\">\n\t\t\t<div class=\"elementor-widget-wrap elementor-element-populated\">\n\t\t\t\t\t\t\t\t<div class=\"elementor-element elementor-element-c9c963c elementor-widget elementor-widget-heading\" data-id=\"c9c963c\" data-element_type=\"widget\" data-widget_type=\"heading.default\">\n\t\t\t\t<div class=\"elementor-widget-container\">\n\t\t\t<h2 class=\"elementor-heading-title elementor-size-default\">Mantenimiento c\u00e9sped artificial: Restricciones<\/h2>\t\t<\/div>\n\t\t\t\t<\/div>\n\t\t\t\t<div class=\"elementor-element elementor-element-0d73a8e elementor-widget elementor-widget-text-editor\" data-id=\"0d73a8e\" data-element_type=\"widget\" data-widget_type=\"text-editor.default\">\n\t\t\t\t<div class=\"elementor-widget-container\">\n\t\t\t\t\t\t\t<ul><li>No arrojar l\u00edquidos corrosivos y aceites.<\/li><li>No utlice objetos punzantes de m\u00e1s de 8 mm.<\/li><li>No permita el acceso a m\u00e1quinas pesadas o el tr\u00e1fico innecesario de veh\u00edculos.<\/li><li>Evite la entrada de basura o tierra entre las fibras del c\u00e9sped.<\/li><\/ul>\t\t\t\t\t\t<\/div>\n\t\t\t\t<\/div>\n\t\t\t\t\t<\/div>\n\t\t<\/div>\n\t\t\t\t\t\t\t<\/div>\n\t\t<\/section>\n\t\t\t\t\t<\/div>\n\t\t<\/div>\n\t\t\t\t\t\t\t<\/div>\n\t\t<\/section>\n\t\t\t\t\t\t\t<\/div>\n\t\t","protected":false},"excerpt":{"rendered":"<p>Mant\u00e9n tu c\u00e9sped como el primer d\u00eda Mantenimiento de c\u00e9sped artificial El hecho de comprar c\u00e9sped artificial eurocesped ya cuenta con la m\u00e1xima garant\u00eda y durabilidad, pero si quieres mantenerlo en las mejores condiciones el m\u00e1ximo tiempo posible solo tienes que seguir unos sencillos pasos de mantenimiento. Mantenimiento c\u00e9sped artificial: Limpieza normal Durante los meses [&hellip;]<\/p>\n","protected":false},"author":6,"featured_media":0,"parent":79801,"menu_order":0,"comment_status":"closed","ping_status":"closed","template":"elementor_header_footer","meta":{"_joinchat":[],"footnotes":""},"class_list":["post-79614","page","type-page","status-publish","hentry"],"yoast_head":"<!-- This site is optimized with the Yoast SEO plugin v24.3 - https:\/\/yoast.com\/wordpress\/plugins\/seo\/ -->\n<title>Mantenimiento de c\u00e9sped artificial - C\u00e9sped artificial eurocesped\u00ae<\/title>\n<meta name=\"description\" content=\"Mantenimiento de c\u00e9sped artificial para que luzca como el primer d\u00eda. Si quieres mantenerlo en las mejores condiciones, sigue estos pasos.\ud83d\udc46\" \/>\n<meta name=\"robots\" content=\"index, follow, max-snippet:-1, max-image-preview:large, max-video-preview:-1\" \/>\n<link rel=\"canonical\" href=\"https:\/\/eurocesped.com\/en\/customer-support\/mantenimiento-de-cesped-artificial\/\" \/>\n<meta property=\"og:locale\" content=\"fr_FR\" \/>\n<meta property=\"og:type\" content=\"article\" \/>\n<meta property=\"og:title\" content=\"Mantenimiento de c\u00e9sped artificial - C\u00e9sped artificial eurocesped\u00ae\" \/>\n<meta property=\"og:description\" content=\"Mantenimiento de c\u00e9sped artificial para que luzca como el primer d\u00eda. Si quieres mantenerlo en las mejores condiciones, sigue estos pasos.\ud83d\udc46\" \/>\n<meta property=\"og:url\" content=\"https:\/\/eurocesped.com\/en\/customer-support\/mantenimiento-de-cesped-artificial\/\" \/>\n<meta property=\"og:site_name\" content=\"C\u00e9sped artificial eurocesped\u00ae\" \/>\n<meta property=\"article:publisher\" content=\"https:\/\/www.facebook.com\/eurocesped\" \/>\n<meta property=\"article:modified_time\" content=\"2022-06-01T08:04:25+00:00\" \/>\n<meta name=\"twitter:card\" content=\"summary_large_image\" \/>\n<meta name=\"twitter:site\" content=\"@eurocesped\" \/>\n<meta name=\"twitter:label1\" content=\"Dur\u00e9e de lecture estim\u00e9e\" \/>\n\t<meta name=\"twitter:data1\" content=\"2 minutes\" \/>\n<script type=\"application\/ld+json\" class=\"yoast-schema-graph\">{\"@context\":\"https:\/\/schema.org\",\"@graph\":[{\"@type\":\"WebPage\",\"@id\":\"https:\/\/eurocesped.com\/en\/customer-support\/mantenimiento-de-cesped-artificial\/\",\"url\":\"https:\/\/eurocesped.com\/en\/customer-support\/mantenimiento-de-cesped-artificial\/\",\"name\":\"Mantenimiento de c\u00e9sped artificial - C\u00e9sped artificial eurocesped\u00ae\",\"isPartOf\":{\"@id\":\"https:\/\/eurocesped.com\/#website\"},\"datePublished\":\"2021-06-29T08:47:47+00:00\",\"dateModified\":\"2022-06-01T08:04:25+00:00\",\"description\":\"Mantenimiento de c\u00e9sped artificial para que luzca como el primer d\u00eda. Si quieres mantenerlo en las mejores condiciones, sigue estos pasos.\ud83d\udc46\",\"breadcrumb\":{\"@id\":\"https:\/\/eurocesped.com\/en\/customer-support\/mantenimiento-de-cesped-artificial\/#breadcrumb\"},\"inLanguage\":\"fr-FR\",\"potentialAction\":[{\"@type\":\"ReadAction\",\"target\":[\"https:\/\/eurocesped.com\/en\/customer-support\/mantenimiento-de-cesped-artificial\/\"]}]},{\"@type\":\"BreadcrumbList\",\"@id\":\"https:\/\/eurocesped.com\/en\/customer-support\/mantenimiento-de-cesped-artificial\/#breadcrumb\",\"itemListElement\":[{\"@type\":\"ListItem\",\"position\":1,\"name\":\"Portada\",\"item\":\"https:\/\/eurocesped.com\/fr\/\"},{\"@type\":\"ListItem\",\"position\":2,\"name\":\"Service client\",\"item\":\"https:\/\/eurocesped.com\/en\/customer-support\/\"},{\"@type\":\"ListItem\",\"position\":3,\"name\":\"Mantenimiento de c\u00e9sped artificial\"}]},{\"@type\":\"WebSite\",\"@id\":\"https:\/\/eurocesped.com\/#website\",\"url\":\"https:\/\/eurocesped.com\/\",\"name\":\"C\u00e9sped artificial eurocesped\u00ae\",\"description\":\"Distribuci\u00f3n y venta de c\u00e9sped artificial en Espa\u00f1a y Europa para Terraza, Jardines, Piscinas, Urbanismo, Eventos, Parques y Deportes. \u2705 \u00a1MUESTRAS GRATIS!\",\"publisher\":{\"@id\":\"https:\/\/eurocesped.com\/#organization\"},\"potentialAction\":[{\"@type\":\"SearchAction\",\"target\":{\"@type\":\"EntryPoint\",\"urlTemplate\":\"https:\/\/eurocesped.com\/?s={search_term_string}\"},\"query-input\":{\"@type\":\"PropertyValueSpecification\",\"valueRequired\":true,\"valueName\":\"search_term_string\"}}],\"inLanguage\":\"fr-FR\"},{\"@type\":\"Organization\",\"@id\":\"https:\/\/eurocesped.com\/#organization\",\"name\":\"Eurocesped\",\"url\":\"https:\/\/eurocesped.com\/\",\"logo\":{\"@type\":\"ImageObject\",\"inLanguage\":\"fr-FR\",\"@id\":\"https:\/\/eurocesped.com\/#\/schema\/logo\/image\/\",\"url\":\"https:\/\/eurocesped.com\/wp-content\/uploads\/2021\/06\/eurocesped-cesped-artificial-1024x1024-1.png\",\"contentUrl\":\"https:\/\/eurocesped.com\/wp-content\/uploads\/2021\/06\/eurocesped-cesped-artificial-1024x1024-1.png\",\"width\":1024,\"height\":1024,\"caption\":\"Eurocesped\"},\"image\":{\"@id\":\"https:\/\/eurocesped.com\/#\/schema\/logo\/image\/\"},\"sameAs\":[\"https:\/\/www.facebook.com\/eurocesped\",\"https:\/\/x.com\/eurocesped\",\"https:\/\/www.instagram.com\/eurocesped\",\"https:\/\/www.linkedin.com\/company\/e-dea-innovacion-s-l-?trk\",\"https:\/\/www.pinterest.es\/eurocesped\/\",\"https:\/\/www.youtube.com\/c\/EurocespedartificialEspana\"]}]}<\/script>\n<!-- \/ Yoast SEO plugin. -->","yoast_head_json":{"title":"Mantenimiento de c\u00e9sped artificial - C\u00e9sped artificial eurocesped\u00ae","description":"Mantenimiento de c\u00e9sped artificial para que luzca como el primer d\u00eda. Si quieres mantenerlo en las mejores condiciones, sigue estos pasos.\ud83d\udc46","robots":{"index":"index","follow":"follow","max-snippet":"max-snippet:-1","max-image-preview":"max-image-preview:large","max-video-preview":"max-video-preview:-1"},"canonical":"https:\/\/eurocesped.com\/en\/customer-support\/mantenimiento-de-cesped-artificial\/","og_locale":"fr_FR","og_type":"article","og_title":"Mantenimiento de c\u00e9sped artificial - C\u00e9sped artificial eurocesped\u00ae","og_description":"Mantenimiento de c\u00e9sped artificial para que luzca como el primer d\u00eda. Si quieres mantenerlo en las mejores condiciones, sigue estos pasos.\ud83d\udc46","og_url":"https:\/\/eurocesped.com\/en\/customer-support\/mantenimiento-de-cesped-artificial\/","og_site_name":"C\u00e9sped artificial eurocesped\u00ae","article_publisher":"https:\/\/www.facebook.com\/eurocesped","article_modified_time":"2022-06-01T08:04:25+00:00","twitter_card":"summary_large_image","twitter_site":"@eurocesped","twitter_misc":{"Dur\u00e9e de lecture estim\u00e9e":"2 minutes"},"schema":{"@context":"https:\/\/schema.org","@graph":[{"@type":"WebPage","@id":"https:\/\/eurocesped.com\/en\/customer-support\/mantenimiento-de-cesped-artificial\/","url":"https:\/\/eurocesped.com\/en\/customer-support\/mantenimiento-de-cesped-artificial\/","name":"Mantenimiento de c\u00e9sped artificial - C\u00e9sped artificial eurocesped\u00ae","isPartOf":{"@id":"https:\/\/eurocesped.com\/#website"},"datePublished":"2021-06-29T08:47:47+00:00","dateModified":"2022-06-01T08:04:25+00:00","description":"Mantenimiento de c\u00e9sped artificial para que luzca como el primer d\u00eda. Si quieres mantenerlo en las mejores condiciones, sigue estos pasos.\ud83d\udc46","breadcrumb":{"@id":"https:\/\/eurocesped.com\/en\/customer-support\/mantenimiento-de-cesped-artificial\/#breadcrumb"},"inLanguage":"fr-FR","potentialAction":[{"@type":"ReadAction","target":["https:\/\/eurocesped.com\/en\/customer-support\/mantenimiento-de-cesped-artificial\/"]}]},{"@type":"BreadcrumbList","@id":"https:\/\/eurocesped.com\/en\/customer-support\/mantenimiento-de-cesped-artificial\/#breadcrumb","itemListElement":[{"@type":"ListItem","position":1,"name":"Portada","item":"https:\/\/eurocesped.com\/fr\/"},{"@type":"ListItem","position":2,"name":"Service client","item":"https:\/\/eurocesped.com\/en\/customer-support\/"},{"@type":"ListItem","position":3,"name":"Mantenimiento de c\u00e9sped artificial"}]},{"@type":"WebSite","@id":"https:\/\/eurocesped.com\/#website","url":"https:\/\/eurocesped.com\/","name":"C\u00e9sped artificial eurocesped\u00ae","description":"Distribuci\u00f3n y venta de c\u00e9sped artificial en Espa\u00f1a y Europa para Terraza, Jardines, Piscinas, Urbanismo, Eventos, Parques y Deportes. \u2705 \u00a1MUESTRAS GRATIS!","publisher":{"@id":"https:\/\/eurocesped.com\/#organization"},"potentialAction":[{"@type":"SearchAction","target":{"@type":"EntryPoint","urlTemplate":"https:\/\/eurocesped.com\/?s={search_term_string}"},"query-input":{"@type":"PropertyValueSpecification","valueRequired":true,"valueName":"search_term_string"}}],"inLanguage":"fr-FR"},{"@type":"Organization","@id":"https:\/\/eurocesped.com\/#organization","name":"Eurocesped","url":"https:\/\/eurocesped.com\/","logo":{"@type":"ImageObject","inLanguage":"fr-FR","@id":"https:\/\/eurocesped.com\/#\/schema\/logo\/image\/","url":"https:\/\/eurocesped.com\/wp-content\/uploads\/2021\/06\/eurocesped-cesped-artificial-1024x1024-1.png","contentUrl":"https:\/\/eurocesped.com\/wp-content\/uploads\/2021\/06\/eurocesped-cesped-artificial-1024x1024-1.png","width":1024,"height":1024,"caption":"Eurocesped"},"image":{"@id":"https:\/\/eurocesped.com\/#\/schema\/logo\/image\/"},"sameAs":["https:\/\/www.facebook.com\/eurocesped","https:\/\/x.com\/eurocesped","https:\/\/www.instagram.com\/eurocesped","https:\/\/www.linkedin.com\/company\/e-dea-innovacion-s-l-?trk","https:\/\/www.pinterest.es\/eurocesped\/","https:\/\/www.youtube.com\/c\/EurocespedartificialEspana"]}]}},"_links":{"self":[{"href":"https:\/\/eurocesped.com\/fr\/wp-json\/wp\/v2\/pages\/79614","targetHints":{"allow":["GET"]}}],"collection":[{"href":"https:\/\/eurocesped.com\/fr\/wp-json\/wp\/v2\/pages"}],"about":[{"href":"https:\/\/eurocesped.com\/fr\/wp-json\/wp\/v2\/types\/page"}],"author":[{"embeddable":true,"href":"https:\/\/eurocesped.com\/fr\/wp-json\/wp\/v2\/users\/6"}],"replies":[{"embeddable":true,"href":"https:\/\/eurocesped.com\/fr\/wp-json\/wp\/v2\/comments?post=79614"}],"version-history":[{"count":0,"href":"https:\/\/eurocesped.com\/fr\/wp-json\/wp\/v2\/pages\/79614\/revisions"}],"up":[{"embeddable":true,"href":"https:\/\/eurocesped.com\/fr\/wp-json\/wp\/v2\/pages\/79801"}],"wp:attachment":[{"href":"https:\/\/eurocesped.com\/fr\/wp-json\/wp\/v2\/media?parent=79614"}],"curies":[{"name":"wp","href":"https:\/\/api.w.org\/{rel}","templated":true}]}}