{"id":79624,"date":"2021-06-29T06:48:18","date_gmt":"2021-06-29T06:48:18","guid":{"rendered":"http:\/\/eurocesped.clientesplataforma.com\/garantia-de-eurocesped\/"},"modified":"2023-01-20T10:02:01","modified_gmt":"2023-01-20T10:02:01","slug":"garantie-deurocesped","status":"publish","type":"page","link":"https:\/\/eurocesped.com\/fr\/service-client\/garantie-deurocesped\/","title":{"rendered":"Garantie d\u2019Eurocesped"},"content":{"rendered":"\t\t<div data-elementor-type=\"wp-page\" data-elementor-id=\"79624\" class=\"elementor elementor-79624 elementor-61400\">\n\t\t\t\t\t\t\t\t\t<section class=\"elementor-section elementor-top-section elementor-element elementor-element-c7f5d67 elementor-section-full_width elementor-section-height-default elementor-section-height-default\" data-id=\"c7f5d67\" data-element_type=\"section\" data-settings=\"{&quot;background_background&quot;:&quot;classic&quot;}\">\n\t\t\t\t\t\t<div class=\"elementor-container elementor-column-gap-default\">\n\t\t\t\t\t<div class=\"elementor-column elementor-col-100 elementor-top-column elementor-element elementor-element-8ca97e2\" data-id=\"8ca97e2\" data-element_type=\"column\">\n\t\t\t<div class=\"elementor-widget-wrap elementor-element-populated\">\n\t\t\t\t\t\t\t\t<div class=\"elementor-element elementor-element-ee6902f elementor-invisible elementor-widget elementor-widget-heading\" data-id=\"ee6902f\" data-element_type=\"widget\" data-settings=\"{&quot;_animation&quot;:&quot;fadeInDown&quot;}\" data-widget_type=\"heading.default\">\n\t\t\t\t<div class=\"elementor-widget-container\">\n\t\t\t<h2 class=\"elementor-heading-title elementor-size-default\">Garantie d\u2019Eurocesped\n<\/h2>\t\t<\/div>\n\t\t\t\t<\/div>\n\t\t\t\t<div class=\"elementor-element elementor-element-af3ca8b elementor-invisible elementor-widget elementor-widget-heading\" data-id=\"af3ca8b\" data-element_type=\"widget\" data-settings=\"{&quot;_animation&quot;:&quot;fadeInDown&quot;}\" data-widget_type=\"heading.default\">\n\t\t\t\t<div class=\"elementor-widget-container\">\n\t\t\t<h2 class=\"elementor-heading-title elementor-size-default\">Garantie maximale<\/h2>\t\t<\/div>\n\t\t\t\t<\/div>\n\t\t\t\t\t<\/div>\n\t\t<\/div>\n\t\t\t\t\t\t\t<\/div>\n\t\t<\/section>\n\t\t\t\t<section class=\"elementor-section elementor-top-section elementor-element elementor-element-e2d4f82 elementor-section-full_width elementor-section-height-default elementor-section-height-default\" data-id=\"e2d4f82\" data-element_type=\"section\">\n\t\t\t\t\t\t<div class=\"elementor-container elementor-column-gap-default\">\n\t\t\t\t\t<div class=\"elementor-column elementor-col-100 elementor-top-column elementor-element elementor-element-1df3a1c\" data-id=\"1df3a1c\" data-element_type=\"column\">\n\t\t\t<div class=\"elementor-widget-wrap elementor-element-populated\">\n\t\t\t\t\t\t\t\t<section class=\"elementor-section elementor-inner-section elementor-element elementor-element-081a6be elementor-section-boxed elementor-section-height-default elementor-section-height-default\" data-id=\"081a6be\" data-element_type=\"section\">\n\t\t\t\t\t\t<div class=\"elementor-container elementor-column-gap-default\">\n\t\t\t\t\t<div class=\"elementor-column elementor-col-100 elementor-inner-column elementor-element elementor-element-2116f06\" data-id=\"2116f06\" data-element_type=\"column\">\n\t\t\t<div class=\"elementor-widget-wrap elementor-element-populated\">\n\t\t\t\t\t\t\t\t<div class=\"elementor-element elementor-element-1d5bf64 elementor-invisible elementor-widget elementor-widget-heading\" data-id=\"1d5bf64\" data-element_type=\"widget\" data-settings=\"{&quot;_animation&quot;:&quot;fadeInUp&quot;}\" data-widget_type=\"heading.default\">\n\t\t\t\t<div class=\"elementor-widget-container\">\n\t\t\t<p class=\"elementor-heading-title elementor-size-default\">Nos produits sont garantis un minimum de 8 ans, bien qu\u2019en r\u00e9alit\u00e9 vous puissiez leur apporter un rendement d\u2019une dur\u00e9e de vie d\u2019environ 15-20 ans, en suivant de simples conseils du entretien.\n\n<\/p>\t\t<\/div>\n\t\t\t\t<\/div>\n\t\t\t\t\t<\/div>\n\t\t<\/div>\n\t\t\t\t\t\t\t<\/div>\n\t\t<\/section>\n\t\t\t\t<section class=\"elementor-section elementor-inner-section elementor-element elementor-element-0e1a6e4 elementor-section-boxed elementor-section-height-default elementor-section-height-default\" data-id=\"0e1a6e4\" data-element_type=\"section\">\n\t\t\t\t\t\t<div class=\"elementor-container elementor-column-gap-default\">\n\t\t\t\t\t<div class=\"elementor-column elementor-col-100 elementor-inner-column elementor-element elementor-element-a04c3d1\" data-id=\"a04c3d1\" data-element_type=\"column\" data-settings=\"{&quot;background_background&quot;:&quot;classic&quot;}\">\n\t\t\t<div class=\"elementor-widget-wrap elementor-element-populated\">\n\t\t\t\t\t\t\t\t<div class=\"elementor-element elementor-element-dc4c82e elementor-invisible elementor-widget elementor-widget-heading\" data-id=\"dc4c82e\" data-element_type=\"widget\" data-settings=\"{&quot;_animation&quot;:&quot;fadeInDown&quot;}\" data-widget_type=\"heading.default\">\n\t\t\t\t<div class=\"elementor-widget-container\">\n\t\t\t<h2 class=\"elementor-heading-title elementor-size-default\">Enregistrez votre garantie\n<\/h2>\t\t<\/div>\n\t\t\t\t<\/div>\n\t\t\t\t<div class=\"elementor-element elementor-element-ac311de elementor-widget elementor-widget-elementskit-contact-form7\" data-id=\"ac311de\" data-element_type=\"widget\" data-widget_type=\"elementskit-contact-form7.default\">\n\t\t\t\t<div class=\"elementor-widget-container\">\n\t\t\t<div class=\"ekit-wid-con\" ><div class=\"ekit-form\"><div class=\"wpcf7 no-js\" id=\"wpcf7-f47758-o1\" lang=\"es-ES\" dir=\"ltr\">\n<div class=\"screen-reader-response\"><p role=\"status\" aria-live=\"polite\" aria-atomic=\"true\"><\/p> <ul><\/ul><\/div>\n<form action=\"\/fr\/wp-json\/wp\/v2\/pages\/79624#wpcf7-f47758-o1\" method=\"post\" class=\"wpcf7-form init\" aria-label=\"Formulario de contacto\" novalidate=\"novalidate\" data-status=\"init\">\n<div style=\"display: none;\">\n<input type=\"hidden\" name=\"_wpcf7\" value=\"47758\" \/>\n<input type=\"hidden\" name=\"_wpcf7_version\" value=\"5.7.2\" \/>\n<input type=\"hidden\" name=\"_wpcf7_locale\" value=\"es_ES\" \/>\n<input type=\"hidden\" name=\"_wpcf7_unit_tag\" value=\"wpcf7-f47758-o1\" \/>\n<input type=\"hidden\" name=\"_wpcf7_container_post\" value=\"0\" \/>\n<input type=\"hidden\" name=\"_wpcf7_posted_data_hash\" value=\"\" \/>\n<input type=\"hidden\" name=\"_wpcf7_recaptcha_response\" value=\"\" \/>\n<\/div>\n<div id=\"form-general\">\n\t<div class=\"form-box stk-double-box\">\n\t\t<div class=\"form-box-left\">\n\t\t\t<p><label>Pr\u00e9nom <small>(Requis)<\/small><\/label><span class=\"wpcf7-form-control-wrap\" data-name=\"form-nombre\"><input size=\"40\" class=\"wpcf7-form-control wpcf7-text wpcf7-validates-as-required\" aria-required=\"true\" aria-invalid=\"false\" placeholder=\"Votre pr\u00e9nom\" value=\"\" type=\"text\" name=\"form-nombre\" \/><\/span>\n\t\t\t<\/p>\n\t\t<\/div>\n\t\t<div class=\"form-box-right\">\n\t\t\t<p><label>Nom\/s <small>(Requis)<\/small><\/label><span class=\"wpcf7-form-control-wrap\" data-name=\"form-apellidos\"><input size=\"40\" class=\"wpcf7-form-control wpcf7-text wpcf7-validates-as-required\" aria-required=\"true\" aria-invalid=\"false\" placeholder=\"Votre\/vos nom\/s\" value=\"\" type=\"text\" name=\"form-apellidos\" \/><\/span>\n\t\t\t<\/p>\n\t\t<\/div>\n\t<\/div>\n\t<div class=\"form-box stk-double-box\">\n\t\t<div class=\"form-box-left\">\n\t\t\t<p><label>email <small>(Requis)<\/small><\/label><span class=\"wpcf7-form-control-wrap\" data-name=\"form-email\"><input size=\"40\" class=\"wpcf7-form-control wpcf7-text wpcf7-email wpcf7-validates-as-required wpcf7-validates-as-email\" aria-required=\"true\" aria-invalid=\"false\" placeholder=\"Votre email valable\" value=\"\" type=\"email\" name=\"form-email\" \/><\/span>\n\t\t\t<\/p>\n\t\t<\/div>\n\t\t<div class=\"form-box-right\">\n\t\t\t<p><label>T\u00e9l\u00e9phone <small>(Requis)<\/small><\/label><span class=\"wpcf7-form-control-wrap\" data-name=\"form-telefono\"><input size=\"40\" class=\"wpcf7-form-control wpcf7-text wpcf7-tel wpcf7-validates-as-required wpcf7-validates-as-tel\" aria-required=\"true\" aria-invalid=\"false\" placeholder=\"Votre t\u00e9l\u00e9phone\" value=\"\" type=\"tel\" name=\"form-telefono\" \/><\/span>\n\t\t\t<\/p>\n\t\t<\/div>\n\t<\/div>\n\t<div class=\"form-box\">\n\t\t<p><label>Adresse <small>(Requis)<\/small><\/label><span class=\"wpcf7-form-control-wrap\" data-name=\"form-direccion\"><input size=\"40\" class=\"wpcf7-form-control wpcf7-text wpcf7-validates-as-required\" aria-required=\"true\" aria-invalid=\"false\" placeholder=\"O\u00f9 livrons-nous?\" value=\"\" type=\"text\" name=\"form-direccion\" \/><\/span>\n\t\t<\/p>\n\t<\/div>\n\t<div class=\"form-box\">\n\t\t<div class=\"form-box-33-left\">\n\t\t\t<p><label>CP <small>(Requis)<\/small><\/label><span class=\"wpcf7-form-control-wrap\" data-name=\"form-postal\"><input size=\"40\" class=\"wpcf7-form-control wpcf7-text wpcf7-validates-as-required\" aria-required=\"true\" aria-invalid=\"false\" placeholder=\"Code postal\" value=\"\" type=\"text\" name=\"form-postal\" \/><\/span>\n\t\t\t<\/p>\n\t\t<\/div>\n\t\t<div class=\"form-box-33-center\">\n\t\t\t<p><label>Commune <small>(Requis)<\/small><\/label><span class=\"wpcf7-form-control-wrap\" data-name=\"form-poblacion\"><input size=\"40\" class=\"wpcf7-form-control wpcf7-text wpcf7-validates-as-required\" aria-required=\"true\" aria-invalid=\"false\" placeholder=\"O\u00f9 \u00eates-vous?\" value=\"\" type=\"text\" name=\"form-poblacion\" \/><\/span>\n\t\t\t<\/p>\n\t\t<\/div>\n\t\t<div class=\"form-box-33-right\">\n\t\t\t<p><label>Province <small>(Requis)<\/small><\/label><span class=\"wpcf7-form-control-wrap\" data-name=\"form-provincia\"><input size=\"40\" class=\"wpcf7-form-control wpcf7-text wpcf7-validates-as-required\" aria-required=\"true\" aria-invalid=\"false\" placeholder=\"Votre province\" value=\"\" type=\"text\" name=\"form-provincia\" \/><\/span>\n\t\t\t<\/p>\n\t\t<\/div>\n\t<\/div>\n\t<div class=\"form-box stk-double-box\">\n\t\t<div class=\"form-box-left\">\n\t\t\t<p><label>Produit install\u00e9 <small>(Requis)<\/small><\/label><span class=\"wpcf7-form-control-wrap\" data-name=\"form-producto\"><input size=\"40\" class=\"wpcf7-form-control wpcf7-text wpcf7-validates-as-required\" aria-required=\"true\" aria-invalid=\"false\" placeholder=\"Produit\" value=\"\" type=\"text\" name=\"form-producto\" \/><\/span>\n\t\t\t<\/p>\n\t\t<\/div>\n\t\t<div class=\"form-box-right\">\n\t\t\t<p><label>Date de pose <small>(Requis)<\/small><\/label><span class=\"wpcf7-form-control-wrap\" data-name=\"form-fecha-instalacion\"><input size=\"40\" class=\"wpcf7-form-control wpcf7-text wpcf7-validates-as-required\" aria-required=\"true\" aria-invalid=\"false\" placeholder=\"Quand avez-vous install\u00e9?\" value=\"\" type=\"text\" name=\"form-fecha-instalacion\" \/><\/span>\n\t\t\t<\/p>\n\t\t<\/div>\n\t<\/div>\n\t<div class=\"form-box stk-double-box\">\n\t\t<div class=\"form-box-left\">\n\t\t\t<p><label>Installateur <small>(Requis)<\/small><\/label><span class=\"wpcf7-form-control-wrap\" data-name=\"form-instalador\"><input size=\"40\" class=\"wpcf7-form-control wpcf7-text wpcf7-validates-as-required\" aria-required=\"true\" aria-invalid=\"false\" value=\"Qui l&#039;a install\u00e9?\" type=\"text\" name=\"form-instalador\" \/><\/span>\n\t\t\t<\/p>\n\t\t<\/div>\n\t\t<div class=\"form-box-right\">\n\t\t\t<p><label>N\u00ba de Facture <small>(Requis)<\/small><\/label><span class=\"wpcf7-form-control-wrap\" data-name=\"form-factura\"><input size=\"40\" class=\"wpcf7-form-control wpcf7-text wpcf7-validates-as-required\" aria-required=\"true\" aria-invalid=\"false\" placeholder=\"Votre Facture\" value=\"\" type=\"text\" name=\"form-factura\" \/><\/span>\n\t\t\t<\/p>\n\t\t<\/div>\n\t<\/div>\n\t<div class=\"form-box\">\n\t\t<p><label>Commentaires additionnels<\/label><span class=\"wpcf7-form-control-wrap\" data-name=\"form-mensaje\"><textarea cols=\"40\" rows=\"10\" class=\"wpcf7-form-control wpcf7-textarea\" aria-invalid=\"false\" name=\"form-mensaje\"><\/textarea><\/span>\n\t\t<\/p>\n\t<\/div>\n\t<div class=\"form-box\">\n\t\t<p><span class=\"wpcf7-form-control-wrap\" data-name=\"form-legal\"><span class=\"wpcf7-form-control wpcf7-acceptance\"><span class=\"wpcf7-list-item\"><label><input type=\"checkbox\" name=\"form-legal\" value=\"1\" aria-invalid=\"false\" \/><span class=\"wpcf7-list-item-label\">J'ai lu et J'ACCEPTE la <a href=\"https:\/\/www.eurocesped.com\/fr\/politique-de-confidentialite\/\">Politique de Confidentialit\u00e9<\/a>.<\/span><\/label><\/span><\/span><\/span>\n\t\t<\/p>\n\t<\/div>\n<hr \/>\n\t<div class=\"form-box\">\n\t\t<p><input class=\"wpcf7-form-control has-spinner wpcf7-submit\" type=\"submit\" value=\"Enregistrer Garantie\" \/>\n\t\t<\/p>\n\t<\/div>\n<\/div><div class=\"wpcf7-response-output\" aria-hidden=\"true\"><\/div><\/form><\/div><\/div><\/div>\t\t<\/div>\n\t\t\t\t<\/div>\n\t\t\t\t\t<\/div>\n\t\t<\/div>\n\t\t\t\t\t\t\t<\/div>\n\t\t<\/section>\n\t\t\t\t\t<\/div>\n\t\t<\/div>\n\t\t\t\t\t\t\t<\/div>\n\t\t<\/section>\n\t\t\t\t\t\t\t<\/div>\n\t\t","protected":false},"excerpt":{"rendered":"<p>Garantie d\u2019Eurocesped Garantie maximale Nos produits sont garantis un minimum de 8 ans, bien qu\u2019en r\u00e9alit\u00e9 vous puissiez leur apporter un rendement d\u2019une dur\u00e9e de vie d\u2019environ 15-20 ans, en suivant de simples conseils du entretien. Enregistrez votre garantie Pr\u00e9nom (Requis) Nom\/s (Requis) email (Requis) T\u00e9l\u00e9phone (Requis) Adresse (Requis) CP (Requis) Commune (Requis) Province (Requis) [&hellip;]<\/p>\n","protected":false},"author":6,"featured_media":0,"parent":79801,"menu_order":0,"comment_status":"closed","ping_status":"closed","template":"elementor_header_footer","meta":{"_joinchat":[],"footnotes":""},"class_list":["post-79624","page","type-page","status-publish","hentry"],"yoast_head":"<!-- This site is optimized with the Yoast SEO plugin v24.3 - https:\/\/yoast.com\/wordpress\/plugins\/seo\/ -->\n<title>Garantie d\u2019Eurocesped - C\u00e9sped artificial eurocesped\u00ae<\/title>\n<meta name=\"robots\" content=\"index, follow, max-snippet:-1, max-image-preview:large, max-video-preview:-1\" \/>\n<link rel=\"canonical\" href=\"https:\/\/eurocesped.com\/en\/customer-support\/eurocesped-guarantee\/\" \/>\n<meta property=\"og:locale\" content=\"fr_FR\" \/>\n<meta property=\"og:type\" content=\"article\" \/>\n<meta property=\"og:title\" content=\"Garantie d\u2019Eurocesped - C\u00e9sped artificial eurocesped\u00ae\" \/>\n<meta property=\"og:description\" content=\"Garantie d\u2019Eurocesped Garantie maximale Nos produits sont garantis un minimum de 8 ans, bien qu\u2019en r\u00e9alit\u00e9 vous puissiez leur apporter un rendement d\u2019une dur\u00e9e de vie d\u2019environ 15-20 ans, en suivant de simples conseils du entretien. Enregistrez votre garantie Pr\u00e9nom (Requis) Nom\/s (Requis) email (Requis) T\u00e9l\u00e9phone (Requis) Adresse (Requis) CP (Requis) Commune (Requis) Province (Requis) [&hellip;]\" \/>\n<meta property=\"og:url\" content=\"https:\/\/eurocesped.com\/en\/customer-support\/eurocesped-guarantee\/\" \/>\n<meta property=\"og:site_name\" content=\"C\u00e9sped artificial eurocesped\u00ae\" \/>\n<meta property=\"article:publisher\" content=\"https:\/\/www.facebook.com\/eurocesped\" \/>\n<meta property=\"article:modified_time\" content=\"2023-01-20T10:02:01+00:00\" \/>\n<meta name=\"twitter:card\" content=\"summary_large_image\" \/>\n<meta name=\"twitter:site\" content=\"@eurocesped\" \/>\n<meta name=\"twitter:label1\" content=\"Dur\u00e9e de lecture estim\u00e9e\" \/>\n\t<meta name=\"twitter:data1\" content=\"1 minute\" \/>\n<script type=\"application\/ld+json\" class=\"yoast-schema-graph\">{\"@context\":\"https:\/\/schema.org\",\"@graph\":[{\"@type\":\"WebPage\",\"@id\":\"https:\/\/eurocesped.com\/en\/customer-support\/eurocesped-guarantee\/\",\"url\":\"https:\/\/eurocesped.com\/en\/customer-support\/eurocesped-guarantee\/\",\"name\":\"Garantie d\u2019Eurocesped - C\u00e9sped artificial eurocesped\u00ae\",\"isPartOf\":{\"@id\":\"https:\/\/eurocesped.com\/#website\"},\"datePublished\":\"2021-06-29T06:48:18+00:00\",\"dateModified\":\"2023-01-20T10:02:01+00:00\",\"breadcrumb\":{\"@id\":\"https:\/\/eurocesped.com\/en\/customer-support\/eurocesped-guarantee\/#breadcrumb\"},\"inLanguage\":\"fr-FR\",\"potentialAction\":[{\"@type\":\"ReadAction\",\"target\":[\"https:\/\/eurocesped.com\/en\/customer-support\/eurocesped-guarantee\/\"]}]},{\"@type\":\"BreadcrumbList\",\"@id\":\"https:\/\/eurocesped.com\/en\/customer-support\/eurocesped-guarantee\/#breadcrumb\",\"itemListElement\":[{\"@type\":\"ListItem\",\"position\":1,\"name\":\"Portada\",\"item\":\"https:\/\/eurocesped.com\/fr\/\"},{\"@type\":\"ListItem\",\"position\":2,\"name\":\"Service client\",\"item\":\"https:\/\/eurocesped.com\/en\/customer-support\/\"},{\"@type\":\"ListItem\",\"position\":3,\"name\":\"Garantie d\u2019Eurocesped\"}]},{\"@type\":\"WebSite\",\"@id\":\"https:\/\/eurocesped.com\/#website\",\"url\":\"https:\/\/eurocesped.com\/\",\"name\":\"C\u00e9sped artificial eurocesped\u00ae\",\"description\":\"Distribuci\u00f3n y venta de c\u00e9sped artificial en Espa\u00f1a y Europa para Terraza, Jardines, Piscinas, Urbanismo, Eventos, Parques y Deportes. \u2705 \u00a1MUESTRAS GRATIS!\",\"publisher\":{\"@id\":\"https:\/\/eurocesped.com\/#organization\"},\"potentialAction\":[{\"@type\":\"SearchAction\",\"target\":{\"@type\":\"EntryPoint\",\"urlTemplate\":\"https:\/\/eurocesped.com\/?s={search_term_string}\"},\"query-input\":{\"@type\":\"PropertyValueSpecification\",\"valueRequired\":true,\"valueName\":\"search_term_string\"}}],\"inLanguage\":\"fr-FR\"},{\"@type\":\"Organization\",\"@id\":\"https:\/\/eurocesped.com\/#organization\",\"name\":\"Eurocesped\",\"url\":\"https:\/\/eurocesped.com\/\",\"logo\":{\"@type\":\"ImageObject\",\"inLanguage\":\"fr-FR\",\"@id\":\"https:\/\/eurocesped.com\/#\/schema\/logo\/image\/\",\"url\":\"https:\/\/eurocesped.com\/wp-content\/uploads\/2021\/06\/eurocesped-cesped-artificial-1024x1024-1.png\",\"contentUrl\":\"https:\/\/eurocesped.com\/wp-content\/uploads\/2021\/06\/eurocesped-cesped-artificial-1024x1024-1.png\",\"width\":1024,\"height\":1024,\"caption\":\"Eurocesped\"},\"image\":{\"@id\":\"https:\/\/eurocesped.com\/#\/schema\/logo\/image\/\"},\"sameAs\":[\"https:\/\/www.facebook.com\/eurocesped\",\"https:\/\/x.com\/eurocesped\",\"https:\/\/www.instagram.com\/eurocesped\",\"https:\/\/www.linkedin.com\/company\/e-dea-innovacion-s-l-?trk\",\"https:\/\/www.pinterest.es\/eurocesped\/\",\"https:\/\/www.youtube.com\/c\/EurocespedartificialEspana\"]}]}<\/script>\n<!-- \/ Yoast SEO plugin. -->","yoast_head_json":{"title":"Garantie d\u2019Eurocesped - C\u00e9sped artificial eurocesped\u00ae","robots":{"index":"index","follow":"follow","max-snippet":"max-snippet:-1","max-image-preview":"max-image-preview:large","max-video-preview":"max-video-preview:-1"},"canonical":"https:\/\/eurocesped.com\/en\/customer-support\/eurocesped-guarantee\/","og_locale":"fr_FR","og_type":"article","og_title":"Garantie d\u2019Eurocesped - C\u00e9sped artificial eurocesped\u00ae","og_description":"Garantie d\u2019Eurocesped Garantie maximale Nos produits sont garantis un minimum de 8 ans, bien qu\u2019en r\u00e9alit\u00e9 vous puissiez leur apporter un rendement d\u2019une dur\u00e9e de vie d\u2019environ 15-20 ans, en suivant de simples conseils du entretien. Enregistrez votre garantie Pr\u00e9nom (Requis) Nom\/s (Requis) email (Requis) T\u00e9l\u00e9phone (Requis) Adresse (Requis) CP (Requis) Commune (Requis) Province (Requis) [&hellip;]","og_url":"https:\/\/eurocesped.com\/en\/customer-support\/eurocesped-guarantee\/","og_site_name":"C\u00e9sped artificial eurocesped\u00ae","article_publisher":"https:\/\/www.facebook.com\/eurocesped","article_modified_time":"2023-01-20T10:02:01+00:00","twitter_card":"summary_large_image","twitter_site":"@eurocesped","twitter_misc":{"Dur\u00e9e de lecture estim\u00e9e":"1 minute"},"schema":{"@context":"https:\/\/schema.org","@graph":[{"@type":"WebPage","@id":"https:\/\/eurocesped.com\/en\/customer-support\/eurocesped-guarantee\/","url":"https:\/\/eurocesped.com\/en\/customer-support\/eurocesped-guarantee\/","name":"Garantie d\u2019Eurocesped - C\u00e9sped artificial eurocesped\u00ae","isPartOf":{"@id":"https:\/\/eurocesped.com\/#website"},"datePublished":"2021-06-29T06:48:18+00:00","dateModified":"2023-01-20T10:02:01+00:00","breadcrumb":{"@id":"https:\/\/eurocesped.com\/en\/customer-support\/eurocesped-guarantee\/#breadcrumb"},"inLanguage":"fr-FR","potentialAction":[{"@type":"ReadAction","target":["https:\/\/eurocesped.com\/en\/customer-support\/eurocesped-guarantee\/"]}]},{"@type":"BreadcrumbList","@id":"https:\/\/eurocesped.com\/en\/customer-support\/eurocesped-guarantee\/#breadcrumb","itemListElement":[{"@type":"ListItem","position":1,"name":"Portada","item":"https:\/\/eurocesped.com\/fr\/"},{"@type":"ListItem","position":2,"name":"Service client","item":"https:\/\/eurocesped.com\/en\/customer-support\/"},{"@type":"ListItem","position":3,"name":"Garantie d\u2019Eurocesped"}]},{"@type":"WebSite","@id":"https:\/\/eurocesped.com\/#website","url":"https:\/\/eurocesped.com\/","name":"C\u00e9sped artificial eurocesped\u00ae","description":"Distribuci\u00f3n y venta de c\u00e9sped artificial en Espa\u00f1a y Europa para Terraza, Jardines, Piscinas, Urbanismo, Eventos, Parques y Deportes. \u2705 \u00a1MUESTRAS GRATIS!","publisher":{"@id":"https:\/\/eurocesped.com\/#organization"},"potentialAction":[{"@type":"SearchAction","target":{"@type":"EntryPoint","urlTemplate":"https:\/\/eurocesped.com\/?s={search_term_string}"},"query-input":{"@type":"PropertyValueSpecification","valueRequired":true,"valueName":"search_term_string"}}],"inLanguage":"fr-FR"},{"@type":"Organization","@id":"https:\/\/eurocesped.com\/#organization","name":"Eurocesped","url":"https:\/\/eurocesped.com\/","logo":{"@type":"ImageObject","inLanguage":"fr-FR","@id":"https:\/\/eurocesped.com\/#\/schema\/logo\/image\/","url":"https:\/\/eurocesped.com\/wp-content\/uploads\/2021\/06\/eurocesped-cesped-artificial-1024x1024-1.png","contentUrl":"https:\/\/eurocesped.com\/wp-content\/uploads\/2021\/06\/eurocesped-cesped-artificial-1024x1024-1.png","width":1024,"height":1024,"caption":"Eurocesped"},"image":{"@id":"https:\/\/eurocesped.com\/#\/schema\/logo\/image\/"},"sameAs":["https:\/\/www.facebook.com\/eurocesped","https:\/\/x.com\/eurocesped","https:\/\/www.instagram.com\/eurocesped","https:\/\/www.linkedin.com\/company\/e-dea-innovacion-s-l-?trk","https:\/\/www.pinterest.es\/eurocesped\/","https:\/\/www.youtube.com\/c\/EurocespedartificialEspana"]}]}},"_links":{"self":[{"href":"https:\/\/eurocesped.com\/fr\/wp-json\/wp\/v2\/pages\/79624","targetHints":{"allow":["GET"]}}],"collection":[{"href":"https:\/\/eurocesped.com\/fr\/wp-json\/wp\/v2\/pages"}],"about":[{"href":"https:\/\/eurocesped.com\/fr\/wp-json\/wp\/v2\/types\/page"}],"author":[{"embeddable":true,"href":"https:\/\/eurocesped.com\/fr\/wp-json\/wp\/v2\/users\/6"}],"replies":[{"embeddable":true,"href":"https:\/\/eurocesped.com\/fr\/wp-json\/wp\/v2\/comments?post=79624"}],"version-history":[{"count":3,"href":"https:\/\/eurocesped.com\/fr\/wp-json\/wp\/v2\/pages\/79624\/revisions"}],"predecessor-version":[{"id":88889,"href":"https:\/\/eurocesped.com\/fr\/wp-json\/wp\/v2\/pages\/79624\/revisions\/88889"}],"up":[{"embeddable":true,"href":"https:\/\/eurocesped.com\/fr\/wp-json\/wp\/v2\/pages\/79801"}],"wp:attachment":[{"href":"https:\/\/eurocesped.com\/fr\/wp-json\/wp\/v2\/media?parent=79624"}],"curies":[{"name":"wp","href":"https:\/\/api.w.org\/{rel}","templated":true}]}}