{"id":81112,"date":"2021-11-19T12:35:03","date_gmt":"2021-11-19T12:35:03","guid":{"rendered":"http:\/\/eurocesped.clientesplataforma.com\/service-client\/pide-tu-presupuesto\/"},"modified":"2023-01-20T10:00:59","modified_gmt":"2023-01-20T10:00:59","slug":"demandez-votre-devis","status":"publish","type":"page","link":"https:\/\/eurocesped.com\/fr\/service-client\/demandez-votre-devis\/","title":{"rendered":"Demandez votre devis"},"content":{"rendered":"\t\t<div data-elementor-type=\"wp-page\" data-elementor-id=\"81112\" class=\"elementor elementor-81112 elementor-60700\">\n\t\t\t\t\t\t\t\t\t<section class=\"elementor-section elementor-top-section elementor-element elementor-element-890d710 elementor-section-full_width elementor-section-height-default elementor-section-height-default\" data-id=\"890d710\" data-element_type=\"section\" data-settings=\"{&quot;background_background&quot;:&quot;classic&quot;}\">\n\t\t\t\t\t\t<div class=\"elementor-container elementor-column-gap-default\">\n\t\t\t\t\t<div class=\"elementor-column elementor-col-100 elementor-top-column elementor-element elementor-element-b2e7b3e\" data-id=\"b2e7b3e\" data-element_type=\"column\">\n\t\t\t<div class=\"elementor-widget-wrap elementor-element-populated\">\n\t\t\t\t\t\t\t\t<div class=\"elementor-element elementor-element-23cc67b elementor-invisible elementor-widget elementor-widget-heading\" data-id=\"23cc67b\" data-element_type=\"widget\" data-settings=\"{&quot;_animation&quot;:&quot;fadeInDown&quot;}\" data-widget_type=\"heading.default\">\n\t\t\t\t<div class=\"elementor-widget-container\">\n\t\t\t<h2 class=\"elementor-heading-title elementor-size-default\">Demandez votre devis<\/h2>\t\t<\/div>\n\t\t\t\t<\/div>\n\t\t\t\t\t<\/div>\n\t\t<\/div>\n\t\t\t\t\t\t\t<\/div>\n\t\t<\/section>\n\t\t\t\t<section class=\"elementor-section elementor-top-section elementor-element elementor-element-866f106 elementor-section-full_width elementor-section-height-default elementor-section-height-default\" data-id=\"866f106\" data-element_type=\"section\">\n\t\t\t\t\t\t<div class=\"elementor-container elementor-column-gap-default\">\n\t\t\t\t\t<div class=\"elementor-column elementor-col-50 elementor-top-column elementor-element elementor-element-7259911\" data-id=\"7259911\" data-element_type=\"column\">\n\t\t\t<div class=\"elementor-widget-wrap elementor-element-populated\">\n\t\t\t\t\t\t\t\t<section class=\"elementor-section elementor-inner-section elementor-element elementor-element-987d99f elementor-section-boxed elementor-section-height-default elementor-section-height-default\" data-id=\"987d99f\" data-element_type=\"section\">\n\t\t\t\t\t\t<div class=\"elementor-container elementor-column-gap-default\">\n\t\t\t\t\t<div class=\"elementor-column elementor-col-100 elementor-inner-column elementor-element elementor-element-669a331\" data-id=\"669a331\" data-element_type=\"column\">\n\t\t\t<div class=\"elementor-widget-wrap\">\n\t\t\t\t\t\t\t\t\t<\/div>\n\t\t<\/div>\n\t\t\t\t\t\t\t<\/div>\n\t\t<\/section>\n\t\t\t\t<section class=\"elementor-section elementor-inner-section elementor-element elementor-element-b7405df elementor-section-boxed elementor-section-height-default elementor-section-height-default\" data-id=\"b7405df\" data-element_type=\"section\">\n\t\t\t\t\t\t<div class=\"elementor-container elementor-column-gap-default\">\n\t\t\t\t\t<div class=\"elementor-column elementor-col-100 elementor-inner-column elementor-element elementor-element-dceb59e\" data-id=\"dceb59e\" data-element_type=\"column\" data-settings=\"{&quot;background_background&quot;:&quot;classic&quot;}\">\n\t\t\t<div class=\"elementor-widget-wrap elementor-element-populated\">\n\t\t\t\t\t\t\t\t<div class=\"elementor-element elementor-element-e5cdf48 elementor-invisible elementor-widget elementor-widget-heading\" data-id=\"e5cdf48\" data-element_type=\"widget\" data-settings=\"{&quot;_animation&quot;:&quot;fadeInDown&quot;}\" data-widget_type=\"heading.default\">\n\t\t\t\t<div class=\"elementor-widget-container\">\n\t\t\t<h2 class=\"elementor-heading-title elementor-size-default\">Demandez votre devis sans engagement.\n<\/h2>\t\t<\/div>\n\t\t\t\t<\/div>\n\t\t\t\t<div class=\"elementor-element elementor-element-fa287ab elementor-widget elementor-widget-elementskit-contact-form7\" data-id=\"fa287ab\" data-element_type=\"widget\" data-widget_type=\"elementskit-contact-form7.default\">\n\t\t\t\t<div class=\"elementor-widget-container\">\n\t\t\t<div class=\"ekit-wid-con\" ><div class=\"ekit-form\"><div class=\"wpcf7 no-js\" id=\"wpcf7-f47767-o1\" lang=\"es-ES\" dir=\"ltr\">\n<div class=\"screen-reader-response\"><p role=\"status\" aria-live=\"polite\" aria-atomic=\"true\"><\/p> <ul><\/ul><\/div>\n<form action=\"\/fr\/wp-json\/wp\/v2\/pages\/81112#wpcf7-f47767-o1\" method=\"post\" class=\"wpcf7-form init\" aria-label=\"Formulario de contacto\" novalidate=\"novalidate\" data-status=\"init\">\n<div style=\"display: none;\">\n<input type=\"hidden\" name=\"_wpcf7\" value=\"47767\" \/>\n<input type=\"hidden\" name=\"_wpcf7_version\" value=\"5.7.2\" \/>\n<input type=\"hidden\" name=\"_wpcf7_locale\" value=\"es_ES\" \/>\n<input type=\"hidden\" name=\"_wpcf7_unit_tag\" value=\"wpcf7-f47767-o1\" \/>\n<input type=\"hidden\" name=\"_wpcf7_container_post\" value=\"0\" \/>\n<input type=\"hidden\" name=\"_wpcf7_posted_data_hash\" value=\"\" \/>\n<input type=\"hidden\" name=\"_wpcf7_recaptcha_response\" value=\"\" \/>\n<\/div>\n<div id=\"form-general\">\n\t<div class=\"form-box stk-double-box\">\n\t\t<div class=\"form-box-left\">\n\t\t\t<p><label>Pr\u00e9nom <small>(Requis)<\/small><\/label><span class=\"wpcf7-form-control-wrap\" data-name=\"form-nombre\"><input size=\"40\" class=\"wpcf7-form-control wpcf7-text wpcf7-validates-as-required\" aria-required=\"true\" aria-invalid=\"false\" placeholder=\"Votre pr\u00e9nom\" value=\"\" type=\"text\" name=\"form-nombre\" \/><\/span>\n\t\t\t<\/p>\n\t\t<\/div>\n\t\t<div class=\"form-box-right\">\n\t\t\t<p><label>Nom\/s <small>(Requis)<\/small><\/label><span class=\"wpcf7-form-control-wrap\" data-name=\"form-apellidos\"><input size=\"40\" class=\"wpcf7-form-control wpcf7-text wpcf7-validates-as-required\" aria-required=\"true\" aria-invalid=\"false\" placeholder=\"Votre\/vos nom\/s\" value=\"\" type=\"text\" name=\"form-apellidos\" \/><\/span>\n\t\t\t<\/p>\n\t\t<\/div>\n\t<\/div>\n\t<div class=\"form-box stk-double-box\">\n\t\t<div class=\"form-box-left\">\n\t\t\t<p><label>Titulaire <small>(Requis)<\/small><\/label><span class=\"wpcf7-form-control-wrap\" data-name=\"form-titular\"><select class=\"wpcf7-form-control wpcf7-select wpcf7-validates-as-required\" aria-required=\"true\" aria-invalid=\"false\" name=\"form-titular\"><option value=\"Entreprise\">Entreprise<\/option><option value=\"Particulier\">Particulier<\/option><\/select><\/span>\n\t\t\t<\/p>\n\t\t<\/div>\n\t\t<div class=\"form-box-right\">\n\t\t\t<p><label>Entreprise ou Activit\u00e9 <\/label><span class=\"wpcf7-form-control-wrap\" data-name=\"form-empresa\"><input size=\"40\" class=\"wpcf7-form-control wpcf7-text\" aria-invalid=\"false\" placeholder=\"Votre entreprise\" value=\"\" type=\"text\" name=\"form-empresa\" \/><\/span>\n\t\t\t<\/p>\n\t\t<\/div>\n\t<\/div>\n\t<div class=\"form-box\">\n\t\t<p><label>email <small>(Requis)<\/small><\/label><span class=\"wpcf7-form-control-wrap\" data-name=\"form-email\"><input size=\"40\" class=\"wpcf7-form-control wpcf7-text wpcf7-email wpcf7-validates-as-required wpcf7-validates-as-email\" aria-required=\"true\" aria-invalid=\"false\" placeholder=\"Votre email valable\" value=\"\" type=\"email\" name=\"form-email\" \/><\/span>\n\t\t<\/p>\n\t<\/div>\n\t<div class=\"form-box\">\n\t\t<p><label>Adresse de l'entreprise ou de l'activit\u00e9<\/label><span class=\"wpcf7-form-control-wrap\" data-name=\"form-direccion\"><input size=\"40\" class=\"wpcf7-form-control wpcf7-text\" aria-invalid=\"false\" value=\"\" type=\"text\" name=\"form-direccion\" \/><\/span>\n\t\t<\/p>\n\t<\/div>\n\t<div class=\"form-box stk-double-box\">\n\t\t<div class=\"form-box-left\">\n\t\t\t<p><label>Commune <small>(Requis)<\/small><\/label><span class=\"wpcf7-form-control-wrap\" data-name=\"form-poblacion\"><input size=\"40\" class=\"wpcf7-form-control wpcf7-text wpcf7-validates-as-required\" aria-required=\"true\" aria-invalid=\"false\" placeholder=\"O\u00f9 \u00eates-vous?\" value=\"\" type=\"text\" name=\"form-poblacion\" \/><\/span>\n\t\t\t<\/p>\n\t\t<\/div>\n\t\t<div class=\"form-box-right\">\n\t\t\t<p><label>Province <small>(Requis)<\/small><\/label><span class=\"wpcf7-form-control-wrap\" data-name=\"form-provincia\"><input size=\"40\" class=\"wpcf7-form-control wpcf7-text\" aria-invalid=\"false\" placeholder=\"Votre province\" value=\"\" type=\"text\" name=\"form-provincia\" \/><\/span>\n\t\t\t<\/p>\n\t\t<\/div>\n\t<\/div>\n\t<div class=\"form-box stk-double-box\">\n\t\t<div class=\"form-box-left\">\n\t\t\t<p><label>T\u00e9l\u00e9phone <small>(Requis)<\/small><\/label><span class=\"wpcf7-form-control-wrap\" data-name=\"form-telefono\"><input size=\"40\" class=\"wpcf7-form-control wpcf7-text wpcf7-tel wpcf7-validates-as-required wpcf7-validates-as-tel\" aria-required=\"true\" aria-invalid=\"false\" placeholder=\"Votre t\u00e9l\u00e9phone\" value=\"\" type=\"tel\" name=\"form-telefono\" \/><\/span>\n\t\t\t<\/p>\n\t\t<\/div>\n\t\t<div class=\"form-box-right\">\n\t\t\t<p><label>CP <small>(Requis)<\/small><\/label><span class=\"wpcf7-form-control-wrap\" data-name=\"form-postal\"><input size=\"40\" class=\"wpcf7-form-control wpcf7-text wpcf7-validates-as-required\" aria-required=\"true\" aria-invalid=\"false\" placeholder=\"Code postal\" value=\"\" type=\"text\" name=\"form-postal\" \/><\/span>\n\t\t\t<\/p>\n\t\t<\/div>\n\t<\/div>\n\t<div class=\"form-box stk-double-box\">\n\t\t<div class=\"form-box-left\">\n\t\t\t<p><label>Surface o\u00f9 installer <small>(Requis)<\/small><\/label><span class=\"wpcf7-form-control-wrap\" data-name=\"form-superficie\"><select class=\"wpcf7-form-control wpcf7-select wpcf7-validates-as-required\" aria-required=\"true\" aria-invalid=\"false\" name=\"form-superficie\"><option value=\"\">&#8212;Por favor, elige una opci\u00f3n&#8212;<\/option><option value=\"Terre\">Terre<\/option><option value=\"B\u00e9ton\">B\u00e9ton<\/option><option value=\"Granito\">Granito<\/option><\/select><\/span>\n\t\t\t<\/p>\n\t\t<\/div>\n\t\t<div class=\"form-box-right\">\n\t\t\t<p><label>M\u00e8tres carr\u00e9s <small>(Requis)<\/small><\/label><span class=\"wpcf7-form-control-wrap\" data-name=\"form-metros\"><input class=\"wpcf7-form-control wpcf7-number wpcf7-validates-as-required wpcf7-validates-as-number\" min=\"1\" max=\"20000\" aria-required=\"true\" aria-invalid=\"false\" value=\"\" type=\"number\" name=\"form-metros\" \/><\/span>\n\t\t\t<\/p>\n\t\t<\/div>\n\t<\/div>\n\t<div class=\"form-box\">\n\t\t<p><label>Observations et autres commentaires <small>(Requis)<\/small><\/label><span class=\"wpcf7-form-control-wrap\" data-name=\"form-mensaje\"><textarea cols=\"40\" rows=\"10\" class=\"wpcf7-form-control wpcf7-textarea wpcf7-validates-as-required\" aria-required=\"true\" aria-invalid=\"false\" placeholder=\"Vos  observations\" name=\"form-mensaje\"><\/textarea><\/span>\n\t\t<\/p>\n\t<\/div>\n\t<div class=\"form-box\">\n\t\t<p><span class=\"wpcf7-form-control-wrap\" data-name=\"form-legal\"><span class=\"wpcf7-form-control wpcf7-acceptance\"><span class=\"wpcf7-list-item\"><label><input type=\"checkbox\" name=\"form-legal\" value=\"1\" aria-invalid=\"false\" \/><span class=\"wpcf7-list-item-label\">J'ai lu et J'ACCEPTE la <a href=\"https:\/\/www.eurocesped.com\/fr\/politique-de-confidentialite\/\">Politique de Confidentialit\u00e9<\/a>.<\/span><\/label><\/span><\/span><\/span>\n\t\t<\/p>\n\t<\/div>\n<hr \/>\n\t<div class=\"form-box\">\n\t\t<p><input class=\"wpcf7-form-control has-spinner wpcf7-submit\" type=\"submit\" value=\"Envoyer\" \/>\n\t\t<\/p>\n\t<\/div>\n<\/div><div class=\"wpcf7-response-output\" aria-hidden=\"true\"><\/div><\/form><\/div><\/div><\/div>\t\t<\/div>\n\t\t\t\t<\/div>\n\t\t\t\t\t<\/div>\n\t\t<\/div>\n\t\t\t\t\t\t\t<\/div>\n\t\t<\/section>\n\t\t\t\t\t<\/div>\n\t\t<\/div>\n\t\t\t\t<div class=\"elementor-column elementor-col-50 elementor-top-column elementor-element elementor-element-7a05cd4\" data-id=\"7a05cd4\" data-element_type=\"column\">\n\t\t\t<div class=\"elementor-widget-wrap elementor-element-populated\">\n\t\t\t\t\t\t\t\t<section class=\"elementor-section elementor-inner-section elementor-element elementor-element-7166df2 elementor-section-boxed elementor-section-height-default elementor-section-height-default\" data-id=\"7166df2\" data-element_type=\"section\">\n\t\t\t\t\t\t<div class=\"elementor-container elementor-column-gap-default\">\n\t\t\t\t\t<div class=\"elementor-column elementor-col-100 elementor-inner-column elementor-element elementor-element-d4e33d8\" data-id=\"d4e33d8\" data-element_type=\"column\">\n\t\t\t<div class=\"elementor-widget-wrap\">\n\t\t\t\t\t\t\t\t\t<\/div>\n\t\t<\/div>\n\t\t\t\t\t\t\t<\/div>\n\t\t<\/section>\n\t\t\t\t<section class=\"elementor-section elementor-inner-section elementor-element elementor-element-831f32e elementor-section-boxed elementor-section-height-default elementor-section-height-default\" data-id=\"831f32e\" data-element_type=\"section\">\n\t\t\t\t\t\t<div class=\"elementor-container elementor-column-gap-default\">\n\t\t\t\t\t<div class=\"elementor-column elementor-col-100 elementor-inner-column elementor-element elementor-element-63c8392\" data-id=\"63c8392\" data-element_type=\"column\" data-settings=\"{&quot;background_background&quot;:&quot;classic&quot;}\">\n\t\t\t<div class=\"elementor-widget-wrap elementor-element-populated\">\n\t\t\t\t\t\t\t\t<div class=\"elementor-element elementor-element-65f28bd elementor-widget elementor-widget-heading\" data-id=\"65f28bd\" data-element_type=\"widget\" data-widget_type=\"heading.default\">\n\t\t\t\t<div class=\"elementor-widget-container\">\n\t\t\t<h2 class=\"elementor-heading-title elementor-size-default\">POSE<\/h2>\t\t<\/div>\n\t\t\t\t<\/div>\n\t\t\t\t<div class=\"elementor-element elementor-element-c31bea7 elementor-widget-divider--view-line elementor-widget elementor-widget-divider\" data-id=\"c31bea7\" data-element_type=\"widget\" data-widget_type=\"divider.default\">\n\t\t\t\t<div class=\"elementor-widget-container\">\n\t\t\t\t\t<div class=\"elementor-divider\">\n\t\t\t<span class=\"elementor-divider-separator\">\n\t\t\t\t\t\t<\/span>\n\t\t<\/div>\n\t\t\t\t<\/div>\n\t\t\t\t<\/div>\n\t\t\t\t<div class=\"elementor-element elementor-element-d0a8d71 elementor-widget elementor-widget-heading\" data-id=\"d0a8d71\" data-element_type=\"widget\" data-widget_type=\"heading.default\">\n\t\t\t\t<div class=\"elementor-widget-container\">\n\t\t\t<p class=\"elementor-heading-title elementor-size-default\">Chez eurocesped\u00ae, nous avons des accords de collaboration avec les meilleurs installateurs pour chaque zone, nous les mettrons en contact avec vous et en moins d\u2019une semaine ils effectueront la pose.<\/p>\t\t<\/div>\n\t\t\t\t<\/div>\n\t\t\t\t\t<\/div>\n\t\t<\/div>\n\t\t\t\t\t\t\t<\/div>\n\t\t<\/section>\n\t\t\t\t\t<\/div>\n\t\t<\/div>\n\t\t\t\t\t\t\t<\/div>\n\t\t<\/section>\n\t\t\t\t\t\t\t<\/div>\n\t\t","protected":false},"excerpt":{"rendered":"<p>Demandez votre devis Demandez votre devis sans engagement. Pr\u00e9nom (Requis) Nom\/s (Requis) Titulaire (Requis)EntrepriseParticulier Entreprise ou Activit\u00e9 email (Requis) Adresse de l&rsquo;entreprise ou de l&rsquo;activit\u00e9 Commune (Requis) Province (Requis) T\u00e9l\u00e9phone (Requis) CP (Requis) Surface o\u00f9 installer (Requis)&#8212;Por favor, elige una opci\u00f3n&#8212;TerreB\u00e9tonGranito M\u00e8tres carr\u00e9s (Requis) Observations et autres commentaires (Requis) J&rsquo;ai lu et J&rsquo;ACCEPTE la Politique [&hellip;]<\/p>\n","protected":false},"author":6,"featured_media":0,"parent":79801,"menu_order":0,"comment_status":"closed","ping_status":"closed","template":"elementor_header_footer","meta":{"_joinchat":[],"footnotes":""},"class_list":["post-81112","page","type-page","status-publish","hentry"],"yoast_head":"<!-- This site is optimized with the Yoast SEO plugin v24.3 - https:\/\/yoast.com\/wordpress\/plugins\/seo\/ -->\n<title>Demandez votre devis - C\u00e9sped artificial eurocesped\u00ae<\/title>\n<meta name=\"robots\" content=\"index, follow, max-snippet:-1, max-image-preview:large, max-video-preview:-1\" \/>\n<link rel=\"canonical\" href=\"https:\/\/eurocesped.com\/en\/customer-support\/request-your-budget\/\" \/>\n<meta property=\"og:locale\" content=\"fr_FR\" \/>\n<meta property=\"og:type\" content=\"article\" \/>\n<meta property=\"og:title\" content=\"Demandez votre devis - C\u00e9sped artificial eurocesped\u00ae\" \/>\n<meta property=\"og:description\" content=\"Demandez votre devis Demandez votre devis sans engagement. Pr\u00e9nom (Requis) Nom\/s (Requis) Titulaire (Requis)EntrepriseParticulier Entreprise ou Activit\u00e9 email (Requis) Adresse de l&rsquo;entreprise ou de l&rsquo;activit\u00e9 Commune (Requis) Province (Requis) T\u00e9l\u00e9phone (Requis) CP (Requis) Surface o\u00f9 installer (Requis)&#8212;Por favor, elige una opci\u00f3n&#8212;TerreB\u00e9tonGranito M\u00e8tres carr\u00e9s (Requis) Observations et autres commentaires (Requis) J&rsquo;ai lu et J&rsquo;ACCEPTE la Politique [&hellip;]\" \/>\n<meta property=\"og:url\" content=\"https:\/\/eurocesped.com\/en\/customer-support\/request-your-budget\/\" \/>\n<meta property=\"og:site_name\" content=\"C\u00e9sped artificial eurocesped\u00ae\" \/>\n<meta property=\"article:publisher\" content=\"https:\/\/www.facebook.com\/eurocesped\" \/>\n<meta property=\"article:modified_time\" content=\"2023-01-20T10:00:59+00:00\" \/>\n<meta name=\"twitter:card\" content=\"summary_large_image\" \/>\n<meta name=\"twitter:site\" content=\"@eurocesped\" \/>\n<meta name=\"twitter:label1\" content=\"Dur\u00e9e de lecture estim\u00e9e\" \/>\n\t<meta name=\"twitter:data1\" content=\"1 minute\" \/>\n<script type=\"application\/ld+json\" class=\"yoast-schema-graph\">{\"@context\":\"https:\/\/schema.org\",\"@graph\":[{\"@type\":\"WebPage\",\"@id\":\"https:\/\/eurocesped.com\/en\/customer-support\/request-your-budget\/\",\"url\":\"https:\/\/eurocesped.com\/en\/customer-support\/request-your-budget\/\",\"name\":\"Demandez votre devis - C\u00e9sped artificial eurocesped\u00ae\",\"isPartOf\":{\"@id\":\"https:\/\/eurocesped.com\/#website\"},\"datePublished\":\"2021-11-19T12:35:03+00:00\",\"dateModified\":\"2023-01-20T10:00:59+00:00\",\"breadcrumb\":{\"@id\":\"https:\/\/eurocesped.com\/en\/customer-support\/request-your-budget\/#breadcrumb\"},\"inLanguage\":\"fr-FR\",\"potentialAction\":[{\"@type\":\"ReadAction\",\"target\":[\"https:\/\/eurocesped.com\/en\/customer-support\/request-your-budget\/\"]}]},{\"@type\":\"BreadcrumbList\",\"@id\":\"https:\/\/eurocesped.com\/en\/customer-support\/request-your-budget\/#breadcrumb\",\"itemListElement\":[{\"@type\":\"ListItem\",\"position\":1,\"name\":\"Portada\",\"item\":\"https:\/\/eurocesped.com\/fr\/\"},{\"@type\":\"ListItem\",\"position\":2,\"name\":\"Service client\",\"item\":\"https:\/\/eurocesped.com\/en\/customer-support\/\"},{\"@type\":\"ListItem\",\"position\":3,\"name\":\"Demandez votre devis\"}]},{\"@type\":\"WebSite\",\"@id\":\"https:\/\/eurocesped.com\/#website\",\"url\":\"https:\/\/eurocesped.com\/\",\"name\":\"C\u00e9sped artificial eurocesped\u00ae\",\"description\":\"Distribuci\u00f3n y venta de c\u00e9sped artificial en Espa\u00f1a y Europa para Terraza, Jardines, Piscinas, Urbanismo, Eventos, Parques y Deportes. \u2705 \u00a1MUESTRAS GRATIS!\",\"publisher\":{\"@id\":\"https:\/\/eurocesped.com\/#organization\"},\"potentialAction\":[{\"@type\":\"SearchAction\",\"target\":{\"@type\":\"EntryPoint\",\"urlTemplate\":\"https:\/\/eurocesped.com\/?s={search_term_string}\"},\"query-input\":{\"@type\":\"PropertyValueSpecification\",\"valueRequired\":true,\"valueName\":\"search_term_string\"}}],\"inLanguage\":\"fr-FR\"},{\"@type\":\"Organization\",\"@id\":\"https:\/\/eurocesped.com\/#organization\",\"name\":\"Eurocesped\",\"url\":\"https:\/\/eurocesped.com\/\",\"logo\":{\"@type\":\"ImageObject\",\"inLanguage\":\"fr-FR\",\"@id\":\"https:\/\/eurocesped.com\/#\/schema\/logo\/image\/\",\"url\":\"https:\/\/eurocesped.com\/wp-content\/uploads\/2021\/06\/eurocesped-cesped-artificial-1024x1024-1.png\",\"contentUrl\":\"https:\/\/eurocesped.com\/wp-content\/uploads\/2021\/06\/eurocesped-cesped-artificial-1024x1024-1.png\",\"width\":1024,\"height\":1024,\"caption\":\"Eurocesped\"},\"image\":{\"@id\":\"https:\/\/eurocesped.com\/#\/schema\/logo\/image\/\"},\"sameAs\":[\"https:\/\/www.facebook.com\/eurocesped\",\"https:\/\/x.com\/eurocesped\",\"https:\/\/www.instagram.com\/eurocesped\",\"https:\/\/www.linkedin.com\/company\/e-dea-innovacion-s-l-?trk\",\"https:\/\/www.pinterest.es\/eurocesped\/\",\"https:\/\/www.youtube.com\/c\/EurocespedartificialEspana\"]}]}<\/script>\n<!-- \/ Yoast SEO plugin. -->","yoast_head_json":{"title":"Demandez votre devis - C\u00e9sped artificial eurocesped\u00ae","robots":{"index":"index","follow":"follow","max-snippet":"max-snippet:-1","max-image-preview":"max-image-preview:large","max-video-preview":"max-video-preview:-1"},"canonical":"https:\/\/eurocesped.com\/en\/customer-support\/request-your-budget\/","og_locale":"fr_FR","og_type":"article","og_title":"Demandez votre devis - C\u00e9sped artificial eurocesped\u00ae","og_description":"Demandez votre devis Demandez votre devis sans engagement. Pr\u00e9nom (Requis) Nom\/s (Requis) Titulaire (Requis)EntrepriseParticulier Entreprise ou Activit\u00e9 email (Requis) Adresse de l&rsquo;entreprise ou de l&rsquo;activit\u00e9 Commune (Requis) Province (Requis) T\u00e9l\u00e9phone (Requis) CP (Requis) Surface o\u00f9 installer (Requis)&#8212;Por favor, elige una opci\u00f3n&#8212;TerreB\u00e9tonGranito M\u00e8tres carr\u00e9s (Requis) Observations et autres commentaires (Requis) J&rsquo;ai lu et J&rsquo;ACCEPTE la Politique [&hellip;]","og_url":"https:\/\/eurocesped.com\/en\/customer-support\/request-your-budget\/","og_site_name":"C\u00e9sped artificial eurocesped\u00ae","article_publisher":"https:\/\/www.facebook.com\/eurocesped","article_modified_time":"2023-01-20T10:00:59+00:00","twitter_card":"summary_large_image","twitter_site":"@eurocesped","twitter_misc":{"Dur\u00e9e de lecture estim\u00e9e":"1 minute"},"schema":{"@context":"https:\/\/schema.org","@graph":[{"@type":"WebPage","@id":"https:\/\/eurocesped.com\/en\/customer-support\/request-your-budget\/","url":"https:\/\/eurocesped.com\/en\/customer-support\/request-your-budget\/","name":"Demandez votre devis - C\u00e9sped artificial eurocesped\u00ae","isPartOf":{"@id":"https:\/\/eurocesped.com\/#website"},"datePublished":"2021-11-19T12:35:03+00:00","dateModified":"2023-01-20T10:00:59+00:00","breadcrumb":{"@id":"https:\/\/eurocesped.com\/en\/customer-support\/request-your-budget\/#breadcrumb"},"inLanguage":"fr-FR","potentialAction":[{"@type":"ReadAction","target":["https:\/\/eurocesped.com\/en\/customer-support\/request-your-budget\/"]}]},{"@type":"BreadcrumbList","@id":"https:\/\/eurocesped.com\/en\/customer-support\/request-your-budget\/#breadcrumb","itemListElement":[{"@type":"ListItem","position":1,"name":"Portada","item":"https:\/\/eurocesped.com\/fr\/"},{"@type":"ListItem","position":2,"name":"Service client","item":"https:\/\/eurocesped.com\/en\/customer-support\/"},{"@type":"ListItem","position":3,"name":"Demandez votre devis"}]},{"@type":"WebSite","@id":"https:\/\/eurocesped.com\/#website","url":"https:\/\/eurocesped.com\/","name":"C\u00e9sped artificial eurocesped\u00ae","description":"Distribuci\u00f3n y venta de c\u00e9sped artificial en Espa\u00f1a y Europa para Terraza, Jardines, Piscinas, Urbanismo, Eventos, Parques y Deportes. \u2705 \u00a1MUESTRAS GRATIS!","publisher":{"@id":"https:\/\/eurocesped.com\/#organization"},"potentialAction":[{"@type":"SearchAction","target":{"@type":"EntryPoint","urlTemplate":"https:\/\/eurocesped.com\/?s={search_term_string}"},"query-input":{"@type":"PropertyValueSpecification","valueRequired":true,"valueName":"search_term_string"}}],"inLanguage":"fr-FR"},{"@type":"Organization","@id":"https:\/\/eurocesped.com\/#organization","name":"Eurocesped","url":"https:\/\/eurocesped.com\/","logo":{"@type":"ImageObject","inLanguage":"fr-FR","@id":"https:\/\/eurocesped.com\/#\/schema\/logo\/image\/","url":"https:\/\/eurocesped.com\/wp-content\/uploads\/2021\/06\/eurocesped-cesped-artificial-1024x1024-1.png","contentUrl":"https:\/\/eurocesped.com\/wp-content\/uploads\/2021\/06\/eurocesped-cesped-artificial-1024x1024-1.png","width":1024,"height":1024,"caption":"Eurocesped"},"image":{"@id":"https:\/\/eurocesped.com\/#\/schema\/logo\/image\/"},"sameAs":["https:\/\/www.facebook.com\/eurocesped","https:\/\/x.com\/eurocesped","https:\/\/www.instagram.com\/eurocesped","https:\/\/www.linkedin.com\/company\/e-dea-innovacion-s-l-?trk","https:\/\/www.pinterest.es\/eurocesped\/","https:\/\/www.youtube.com\/c\/EurocespedartificialEspana"]}]}},"_links":{"self":[{"href":"https:\/\/eurocesped.com\/fr\/wp-json\/wp\/v2\/pages\/81112","targetHints":{"allow":["GET"]}}],"collection":[{"href":"https:\/\/eurocesped.com\/fr\/wp-json\/wp\/v2\/pages"}],"about":[{"href":"https:\/\/eurocesped.com\/fr\/wp-json\/wp\/v2\/types\/page"}],"author":[{"embeddable":true,"href":"https:\/\/eurocesped.com\/fr\/wp-json\/wp\/v2\/users\/6"}],"replies":[{"embeddable":true,"href":"https:\/\/eurocesped.com\/fr\/wp-json\/wp\/v2\/comments?post=81112"}],"version-history":[{"count":3,"href":"https:\/\/eurocesped.com\/fr\/wp-json\/wp\/v2\/pages\/81112\/revisions"}],"predecessor-version":[{"id":88883,"href":"https:\/\/eurocesped.com\/fr\/wp-json\/wp\/v2\/pages\/81112\/revisions\/88883"}],"up":[{"embeddable":true,"href":"https:\/\/eurocesped.com\/fr\/wp-json\/wp\/v2\/pages\/79801"}],"wp:attachment":[{"href":"https:\/\/eurocesped.com\/fr\/wp-json\/wp\/v2\/media?parent=81112"}],"curies":[{"name":"wp","href":"https:\/\/api.w.org\/{rel}","templated":true}]}}