{"id":80029,"date":"2021-07-12T07:36:01","date_gmt":"2021-07-12T07:36:01","guid":{"rendered":"http:\/\/eurocesped.clientesplataforma.com\/coleccion-paisajismo\/usos-habituales\/"},"modified":"2021-12-02T19:03:29","modified_gmt":"2021-12-02T19:03:29","slug":"usi","status":"publish","type":"page","link":"https:\/\/eurocesped.com\/it\/collezione-paesaggio\/usi\/","title":{"rendered":"Usi"},"content":{"rendered":"\t\t<div data-elementor-type=\"wp-page\" data-elementor-id=\"80029\" class=\"elementor elementor-80029 elementor-65287\">\n\t\t\t\t\t\t\t\t\t<section class=\"elementor-section elementor-top-section elementor-element elementor-element-4c3de0a elementor-section-height-min-height elementor-section-full_width elementor-section-height-default elementor-section-items-middle\" data-id=\"4c3de0a\" data-element_type=\"section\" data-settings=\"{&quot;background_background&quot;:&quot;classic&quot;}\">\n\t\t\t\t\t\t<div class=\"elementor-container elementor-column-gap-default\">\n\t\t\t\t\t<div class=\"elementor-column elementor-col-100 elementor-top-column elementor-element elementor-element-59aef66\" data-id=\"59aef66\" data-element_type=\"column\">\n\t\t\t<div class=\"elementor-widget-wrap elementor-element-populated\">\n\t\t\t\t\t\t\t\t<div class=\"elementor-element elementor-element-020c7e2 elementor-invisible elementor-widget elementor-widget-heading\" data-id=\"020c7e2\" data-element_type=\"widget\" data-settings=\"{&quot;_animation&quot;:&quot;fadeInDown&quot;}\" data-widget_type=\"heading.default\">\n\t\t\t\t<div class=\"elementor-widget-container\">\n\t\t\t<h1 class=\"elementor-heading-title elementor-size-default\">Usi<\/h1>\t\t<\/div>\n\t\t\t\t<\/div>\n\t\t\t\t<div class=\"elementor-element elementor-element-f4f6df5 elementor-invisible elementor-widget elementor-widget-heading\" data-id=\"f4f6df5\" data-element_type=\"widget\" data-settings=\"{&quot;_animation&quot;:&quot;fadeInUp&quot;}\" data-widget_type=\"heading.default\">\n\t\t\t\t<div class=\"elementor-widget-container\">\n\t\t\t<p class=\"elementor-heading-title elementor-size-default\">Giardini e terrazze, piscine, per animali domestici, spazi pubblici, eventi, interior design \u2026 eurocesped\u00ae non ti lascer\u00e0 indifferente e diventer\u00e0 l\u2019alleato perfetto, come elemento tecnico e decorativo, per la tua prossima installazione.\n<br><br>\nScopri i possibili usi derivanti dalla versatilit\u00e0, dal benessere e dall\u2019estetica attenta che fornisce l\u2019erba artificiale.<\/p>\t\t<\/div>\n\t\t\t\t<\/div>\n\t\t\t\t\t<\/div>\n\t\t<\/div>\n\t\t\t\t\t\t\t<\/div>\n\t\t<\/section>\n\t\t\t\t<section class=\"elementor-section elementor-top-section elementor-element elementor-element-c882369 elementor-section-stretched elementor-section-boxed elementor-section-height-default elementor-section-height-default\" data-id=\"c882369\" data-element_type=\"section\" data-settings=\"{&quot;stretch_section&quot;:&quot;section-stretched&quot;,&quot;background_background&quot;:&quot;classic&quot;}\">\n\t\t\t\t\t\t<div class=\"elementor-container elementor-column-gap-default\">\n\t\t\t\t\t<div class=\"elementor-column elementor-col-100 elementor-top-column elementor-element elementor-element-fd2bea4\" data-id=\"fd2bea4\" data-element_type=\"column\">\n\t\t\t<div class=\"elementor-widget-wrap elementor-element-populated\">\n\t\t\t\t\t\t\t\t<section class=\"elementor-section elementor-inner-section elementor-element elementor-element-065c8e6 elementor-section-boxed elementor-section-height-default elementor-section-height-default\" data-id=\"065c8e6\" data-element_type=\"section\">\n\t\t\t\t\t\t<div class=\"elementor-container elementor-column-gap-default\">\n\t\t\t\t\t<div class=\"elementor-column elementor-col-50 elementor-inner-column elementor-element elementor-element-1291d9d\" data-id=\"1291d9d\" data-element_type=\"column\">\n\t\t\t<div class=\"elementor-widget-wrap elementor-element-populated\">\n\t\t\t\t\t\t\t\t<div class=\"elementor-element elementor-element-ac32db7 elementor-flip-box--effect-slide elementor-flip-box--direction-up elementor-widget elementor-widget-flip-box\" data-id=\"ac32db7\" data-element_type=\"widget\" data-widget_type=\"flip-box.default\">\n\t\t\t\t<div class=\"elementor-widget-container\">\n\t\t\t\t\t<div class=\"elementor-flip-box\" tabindex=\"0\">\n\t\t\t<div class=\"elementor-flip-box__layer elementor-flip-box__front\">\n\t\t\t\t<div class=\"elementor-flip-box__layer__overlay\">\n\t\t\t\t\t<div class=\"elementor-flip-box__layer__inner\">\n\t\t\t\t\t\t\n\t\t\t\t\t\t\n\t\t\t\t\t\t\t\t\t\t\t<\/div>\n\t\t\t\t<\/div>\n\t\t\t<\/div>\n\t\t\t<div class=\"elementor-flip-box__layer elementor-flip-box__back\">\n\t\t\t<div class=\"elementor-flip-box__layer__overlay\">\n\t\t\t\t<div class=\"elementor-flip-box__layer__inner\">\n\t\t\t\t\t\t\t\t\t\t\t<h3 class=\"elementor-flip-box__layer__title\">\n\t\t\t\t\t\t\tEventi\t\t\t\t\t\t<\/h3>\n\t\t\t\t\t\n\t\t\t\t\t\t\t\t\t\t\t<div class=\"elementor-flip-box__layer__description\">\n\t\t\t\t\t\t\tAl tuo prossimo evento stupisci con una superficie comoda, colorata ed impeccabile.\t\t\t\t\t\t<\/div>\n\t\t\t\t\t\n\t\t\t\t\t\t\t\t\t\t\t<a class=\"elementor-flip-box__button elementor-button elementor-size-md\" href=\"\/it\/collezione-paesaggio\/usi\/eventi\/\">\n\t\t\t\t\t\t\tVedere il prodotto\t\t\t\t\t\t<\/a>\n\t\t\t\t\t\t\t\t<\/div>\n\t\t<\/div>\n\t\t<\/div>\n\t\t<\/div>\n\t\t\t\t<\/div>\n\t\t\t\t<\/div>\n\t\t\t\t\t<\/div>\n\t\t<\/div>\n\t\t\t\t<div class=\"elementor-column elementor-col-50 elementor-inner-column elementor-element elementor-element-8082f67\" data-id=\"8082f67\" data-element_type=\"column\">\n\t\t\t<div class=\"elementor-widget-wrap elementor-element-populated\">\n\t\t\t\t\t\t\t\t<div class=\"elementor-element elementor-element-c01f95d elementor-flip-box--effect-slide elementor-flip-box--direction-up elementor-widget elementor-widget-flip-box\" data-id=\"c01f95d\" data-element_type=\"widget\" data-widget_type=\"flip-box.default\">\n\t\t\t\t<div class=\"elementor-widget-container\">\n\t\t\t\t\t<div class=\"elementor-flip-box\" tabindex=\"0\">\n\t\t\t<div class=\"elementor-flip-box__layer elementor-flip-box__front\">\n\t\t\t\t<div class=\"elementor-flip-box__layer__overlay\">\n\t\t\t\t\t<div class=\"elementor-flip-box__layer__inner\">\n\t\t\t\t\t\t\n\t\t\t\t\t\t\n\t\t\t\t\t\t\t\t\t\t\t<\/div>\n\t\t\t\t<\/div>\n\t\t\t<\/div>\n\t\t\t<div class=\"elementor-flip-box__layer elementor-flip-box__back\">\n\t\t\t<div class=\"elementor-flip-box__layer__overlay\">\n\t\t\t\t<div class=\"elementor-flip-box__layer__inner\">\n\t\t\t\t\t\t\t\t\t\t\t<h3 class=\"elementor-flip-box__layer__title\">\n\t\t\t\t\t\t\tAree Pubbliche\t\t\t\t\t\t<\/h3>\n\t\t\t\t\t\n\t\t\t\t\t\t\t\t\t\t\t<div class=\"elementor-flip-box__layer__description\">\n\t\t\t\t\t\t\tOttieni la soluzione ottimale per dare colore all\u2019area urbana con costi di manutenzione minimi.\t\t\t\t\t\t<\/div>\n\t\t\t\t\t\n\t\t\t\t\t\t\t\t\t\t\t<a class=\"elementor-flip-box__button elementor-button elementor-size-md\" href=\"\/it\/collezione-paesaggio\/usi\/spazi-pubblici\/\">\n\t\t\t\t\t\t\tVedere il prodotto\t\t\t\t\t\t<\/a>\n\t\t\t\t\t\t\t\t<\/div>\n\t\t<\/div>\n\t\t<\/div>\n\t\t<\/div>\n\t\t\t\t<\/div>\n\t\t\t\t<\/div>\n\t\t\t\t\t<\/div>\n\t\t<\/div>\n\t\t\t\t\t\t\t<\/div>\n\t\t<\/section>\n\t\t\t\t<section class=\"elementor-section elementor-inner-section elementor-element elementor-element-0393028 elementor-section-boxed elementor-section-height-default elementor-section-height-default\" data-id=\"0393028\" data-element_type=\"section\">\n\t\t\t\t\t\t<div class=\"elementor-container elementor-column-gap-default\">\n\t\t\t\t\t<div class=\"elementor-column elementor-col-50 elementor-inner-column elementor-element elementor-element-64351f4\" data-id=\"64351f4\" data-element_type=\"column\">\n\t\t\t<div class=\"elementor-widget-wrap elementor-element-populated\">\n\t\t\t\t\t\t\t\t<div class=\"elementor-element elementor-element-b9cde5b elementor-flip-box--effect-slide elementor-flip-box--direction-up elementor-widget elementor-widget-flip-box\" data-id=\"b9cde5b\" data-element_type=\"widget\" data-widget_type=\"flip-box.default\">\n\t\t\t\t<div class=\"elementor-widget-container\">\n\t\t\t\t\t<div class=\"elementor-flip-box\" tabindex=\"0\">\n\t\t\t<div class=\"elementor-flip-box__layer elementor-flip-box__front\">\n\t\t\t\t<div class=\"elementor-flip-box__layer__overlay\">\n\t\t\t\t\t<div class=\"elementor-flip-box__layer__inner\">\n\t\t\t\t\t\t\n\t\t\t\t\t\t\n\t\t\t\t\t\t\t\t\t\t\t<\/div>\n\t\t\t\t<\/div>\n\t\t\t<\/div>\n\t\t\t<div class=\"elementor-flip-box__layer elementor-flip-box__back\">\n\t\t\t<div class=\"elementor-flip-box__layer__overlay\">\n\t\t\t\t<div class=\"elementor-flip-box__layer__inner\">\n\t\t\t\t\t\t\t\t\t\t\t<h3 class=\"elementor-flip-box__layer__title\">\n\t\t\t\t\t\t\tInterior design\t\t\t\t\t\t<\/h3>\n\t\t\t\t\t\n\t\t\t\t\t\t\t\t\t\t\t<div class=\"elementor-flip-box__layer__description\">\n\t\t\t\t\t\t\tDecora il tuo spazio personale o professionale con un tocco di originalit\u00e0, estetica e benessere.\t\t\t\t\t\t<\/div>\n\t\t\t\t\t\n\t\t\t\t\t\t\t\t\t\t\t<a class=\"elementor-flip-box__button elementor-button elementor-size-md\" href=\"\/it\/collezione-paesaggio\/usi\/interior-design\/\">\n\t\t\t\t\t\t\tVedere il prodotto\t\t\t\t\t\t<\/a>\n\t\t\t\t\t\t\t\t<\/div>\n\t\t<\/div>\n\t\t<\/div>\n\t\t<\/div>\n\t\t\t\t<\/div>\n\t\t\t\t<\/div>\n\t\t\t\t\t<\/div>\n\t\t<\/div>\n\t\t\t\t<div class=\"elementor-column elementor-col-50 elementor-inner-column elementor-element elementor-element-91d8429\" data-id=\"91d8429\" data-element_type=\"column\">\n\t\t\t<div class=\"elementor-widget-wrap elementor-element-populated\">\n\t\t\t\t\t\t\t\t<div class=\"elementor-element elementor-element-4087a4d elementor-flip-box--effect-slide elementor-flip-box--direction-up elementor-widget elementor-widget-flip-box\" data-id=\"4087a4d\" data-element_type=\"widget\" data-widget_type=\"flip-box.default\">\n\t\t\t\t<div class=\"elementor-widget-container\">\n\t\t\t\t\t<div class=\"elementor-flip-box\" tabindex=\"0\">\n\t\t\t<div class=\"elementor-flip-box__layer elementor-flip-box__front\">\n\t\t\t\t<div class=\"elementor-flip-box__layer__overlay\">\n\t\t\t\t\t<div class=\"elementor-flip-box__layer__inner\">\n\t\t\t\t\t\t\n\t\t\t\t\t\t\n\t\t\t\t\t\t\t\t\t\t\t<\/div>\n\t\t\t\t<\/div>\n\t\t\t<\/div>\n\t\t\t<div class=\"elementor-flip-box__layer elementor-flip-box__back\">\n\t\t\t<div class=\"elementor-flip-box__layer__overlay\">\n\t\t\t\t<div class=\"elementor-flip-box__layer__inner\">\n\t\t\t\t\t\t\t\t\t\t\t<h3 class=\"elementor-flip-box__layer__title\">\n\t\t\t\t\t\t\tAnimali Domestici\t\t\t\t\t\t<\/h3>\n\t\t\t\t\t\n\t\t\t\t\t\t\t\t\t\t\t<div class=\"elementor-flip-box__layer__description\">\n\t\t\t\t\t\t\tDimentica i batteri e assicurati un\u2019igiene impeccabile con il nostro prato speciale per animali domestici.\t\t\t\t\t\t<\/div>\n\t\t\t\t\t\n\t\t\t\t\t\t\t\t\t\t\t<a class=\"elementor-flip-box__button elementor-button elementor-size-md\" href=\"\/it\/collezione-paesaggio\/usi\/animali-domestici\/\">\n\t\t\t\t\t\t\tVedere il prodotto\t\t\t\t\t\t<\/a>\n\t\t\t\t\t\t\t\t<\/div>\n\t\t<\/div>\n\t\t<\/div>\n\t\t<\/div>\n\t\t\t\t<\/div>\n\t\t\t\t<\/div>\n\t\t\t\t\t<\/div>\n\t\t<\/div>\n\t\t\t\t\t\t\t<\/div>\n\t\t<\/section>\n\t\t\t\t<section class=\"elementor-section elementor-inner-section elementor-element elementor-element-860ec6a elementor-section-boxed elementor-section-height-default elementor-section-height-default\" data-id=\"860ec6a\" data-element_type=\"section\">\n\t\t\t\t\t\t<div class=\"elementor-container elementor-column-gap-default\">\n\t\t\t\t\t<div class=\"elementor-column elementor-col-50 elementor-inner-column elementor-element elementor-element-b00f80e\" data-id=\"b00f80e\" data-element_type=\"column\">\n\t\t\t<div class=\"elementor-widget-wrap elementor-element-populated\">\n\t\t\t\t\t\t\t\t<div class=\"elementor-element elementor-element-b8dcff1 elementor-flip-box--effect-slide elementor-flip-box--direction-up elementor-widget elementor-widget-flip-box\" data-id=\"b8dcff1\" data-element_type=\"widget\" data-widget_type=\"flip-box.default\">\n\t\t\t\t<div class=\"elementor-widget-container\">\n\t\t\t\t\t<div class=\"elementor-flip-box\" tabindex=\"0\">\n\t\t\t<div class=\"elementor-flip-box__layer elementor-flip-box__front\">\n\t\t\t\t<div class=\"elementor-flip-box__layer__overlay\">\n\t\t\t\t\t<div class=\"elementor-flip-box__layer__inner\">\n\t\t\t\t\t\t\n\t\t\t\t\t\t\n\t\t\t\t\t\t\t\t\t\t\t<\/div>\n\t\t\t\t<\/div>\n\t\t\t<\/div>\n\t\t\t<div class=\"elementor-flip-box__layer elementor-flip-box__back\">\n\t\t\t<div class=\"elementor-flip-box__layer__overlay\">\n\t\t\t\t<div class=\"elementor-flip-box__layer__inner\">\n\t\t\t\t\t\t\t\t\t\t\t<h3 class=\"elementor-flip-box__layer__title\">\n\t\t\t\t\t\t\tGiardini e Terrazze\t\t\t\t\t\t<\/h3>\n\t\t\t\t\t\n\t\t\t\t\t\t\t\t\t\t\t<div class=\"elementor-flip-box__layer__description\">\n\t\t\t\t\t\t\tSfoggia un giardino e una terrazza dall\u2019aspetto totalmente naturale, morbido e confortevole.\t\t\t\t\t\t<\/div>\n\t\t\t\t\t\n\t\t\t\t\t\t\t\t\t\t\t<a class=\"elementor-flip-box__button elementor-button elementor-size-md\" href=\"\/it\/collezione-paesaggio\/usi\/giardini-e-terrazze\/\">\n\t\t\t\t\t\t\tVedere il prodotto\t\t\t\t\t\t<\/a>\n\t\t\t\t\t\t\t\t<\/div>\n\t\t<\/div>\n\t\t<\/div>\n\t\t<\/div>\n\t\t\t\t<\/div>\n\t\t\t\t<\/div>\n\t\t\t\t\t<\/div>\n\t\t<\/div>\n\t\t\t\t<div class=\"elementor-column elementor-col-50 elementor-inner-column elementor-element elementor-element-079a6a1\" data-id=\"079a6a1\" data-element_type=\"column\">\n\t\t\t<div class=\"elementor-widget-wrap elementor-element-populated\">\n\t\t\t\t\t\t\t\t<div class=\"elementor-element elementor-element-96a49c5 elementor-flip-box--effect-slide elementor-flip-box--direction-up elementor-widget elementor-widget-flip-box\" data-id=\"96a49c5\" data-element_type=\"widget\" data-widget_type=\"flip-box.default\">\n\t\t\t\t<div class=\"elementor-widget-container\">\n\t\t\t\t\t<div class=\"elementor-flip-box\" tabindex=\"0\">\n\t\t\t<div class=\"elementor-flip-box__layer elementor-flip-box__front\">\n\t\t\t\t<div class=\"elementor-flip-box__layer__overlay\">\n\t\t\t\t\t<div class=\"elementor-flip-box__layer__inner\">\n\t\t\t\t\t\t\n\t\t\t\t\t\t\n\t\t\t\t\t\t\t\t\t\t\t<\/div>\n\t\t\t\t<\/div>\n\t\t\t<\/div>\n\t\t\t<div class=\"elementor-flip-box__layer elementor-flip-box__back\">\n\t\t\t<div class=\"elementor-flip-box__layer__overlay\">\n\t\t\t\t<div class=\"elementor-flip-box__layer__inner\">\n\t\t\t\t\t\t\t\t\t\t\t<h3 class=\"elementor-flip-box__layer__title\">\n\t\t\t\t\t\t\tPiscine\t\t\t\t\t\t<\/h3>\n\t\t\t\t\t\n\t\t\t\t\t\t\t\t\t\t\t<div class=\"elementor-flip-box__layer__description\">\n\t\t\t\t\t\t\tVanta una piscina circondata da armonia e bellezza in un giardino in perfette condizioni.\t\t\t\t\t\t<\/div>\n\t\t\t\t\t\n\t\t\t\t\t\t\t\t\t\t\t<a class=\"elementor-flip-box__button elementor-button elementor-size-md\" href=\"\/it\/collezione-paesaggio\/usi\/piscine\/\">\n\t\t\t\t\t\t\tVedere il prodotto\t\t\t\t\t\t<\/a>\n\t\t\t\t\t\t\t\t<\/div>\n\t\t<\/div>\n\t\t<\/div>\n\t\t<\/div>\n\t\t\t\t<\/div>\n\t\t\t\t<\/div>\n\t\t\t\t\t<\/div>\n\t\t<\/div>\n\t\t\t\t\t\t\t<\/div>\n\t\t<\/section>\n\t\t\t\t\t<\/div>\n\t\t<\/div>\n\t\t\t\t\t\t\t<\/div>\n\t\t<\/section>\n\t\t\t\t<section class=\"elementor-section elementor-top-section elementor-element elementor-element-8e861d5 elementor-section-height-min-height elementor-section-full_width elementor-section-height-default elementor-section-items-middle\" data-id=\"8e861d5\" data-element_type=\"section\" data-settings=\"{&quot;background_background&quot;:&quot;classic&quot;}\">\n\t\t\t\t\t\t<div class=\"elementor-container elementor-column-gap-default\">\n\t\t\t\t\t<div class=\"elementor-column elementor-col-100 elementor-top-column elementor-element elementor-element-c741962\" data-id=\"c741962\" data-element_type=\"column\">\n\t\t\t<div class=\"elementor-widget-wrap elementor-element-populated\">\n\t\t\t\t\t\t\t\t<div class=\"elementor-element elementor-element-b9cb489 elementor-invisible elementor-widget elementor-widget-heading\" data-id=\"b9cb489\" data-element_type=\"widget\" data-settings=\"{&quot;_animation&quot;:&quot;fadeInUp&quot;}\" data-widget_type=\"heading.default\">\n\t\t\t\t<div class=\"elementor-widget-container\">\n\t\t\t<span class=\"elementor-heading-title elementor-size-default\">Ad eurocesped abbiamo i migliori professionisti per sviluppare il tuo progetto personalizzato.<\/span>\t\t<\/div>\n\t\t\t\t<\/div>\n\t\t\t\t\t<\/div>\n\t\t<\/div>\n\t\t\t\t\t\t\t<\/div>\n\t\t<\/section>\n\t\t\t\t\t\t\t<\/div>\n\t\t","protected":false},"excerpt":{"rendered":"<p>Usi Giardini e terrazze, piscine, per animali domestici, spazi pubblici, eventi, interior design \u2026 eurocesped\u00ae non ti lascer\u00e0 indifferente e diventer\u00e0 l\u2019alleato perfetto, come elemento tecnico e decorativo, per la tua prossima installazione. Scopri i possibili usi derivanti dalla versatilit\u00e0, dal benessere e dall\u2019estetica attenta che fornisce l\u2019erba artificiale. Eventi Al tuo prossimo evento stupisci [&hellip;]<\/p>\n","protected":false},"author":6,"featured_media":0,"parent":79811,"menu_order":0,"comment_status":"closed","ping_status":"closed","template":"elementor_header_footer","meta":{"_joinchat":[],"footnotes":""},"class_list":["post-80029","page","type-page","status-publish","hentry"],"yoast_head":"<!-- This site is optimized with the Yoast SEO plugin v24.3 - https:\/\/yoast.com\/wordpress\/plugins\/seo\/ -->\n<title>Usi - C\u00e9sped artificial eurocesped\u00ae<\/title>\n<meta name=\"robots\" content=\"index, follow, max-snippet:-1, max-image-preview:large, max-video-preview:-1\" \/>\n<link rel=\"canonical\" href=\"https:\/\/eurocesped.com\/it\/collezione-paesaggio\/usi\/\" \/>\n<meta property=\"og:locale\" content=\"it_IT\" \/>\n<meta property=\"og:type\" content=\"article\" \/>\n<meta property=\"og:title\" content=\"Usi - C\u00e9sped artificial eurocesped\u00ae\" \/>\n<meta property=\"og:description\" content=\"Usi Giardini e terrazze, piscine, per animali domestici, spazi pubblici, eventi, interior design \u2026 eurocesped\u00ae non ti lascer\u00e0 indifferente e diventer\u00e0 l\u2019alleato perfetto, come elemento tecnico e decorativo, per la tua prossima installazione. Scopri i possibili usi derivanti dalla versatilit\u00e0, dal benessere e dall\u2019estetica attenta che fornisce l\u2019erba artificiale. Eventi Al tuo prossimo evento stupisci [&hellip;]\" \/>\n<meta property=\"og:url\" content=\"https:\/\/eurocesped.com\/it\/collezione-paesaggio\/usi\/\" \/>\n<meta property=\"og:site_name\" content=\"C\u00e9sped artificial eurocesped\u00ae\" \/>\n<meta property=\"article:publisher\" content=\"https:\/\/www.facebook.com\/eurocesped\" \/>\n<meta property=\"article:modified_time\" content=\"2021-12-02T19:03:29+00:00\" \/>\n<meta name=\"twitter:card\" content=\"summary_large_image\" \/>\n<meta name=\"twitter:site\" content=\"@eurocesped\" \/>\n<meta name=\"twitter:label1\" content=\"Tempo di lettura stimato\" \/>\n\t<meta name=\"twitter:data1\" content=\"1 minuto\" \/>\n<script type=\"application\/ld+json\" class=\"yoast-schema-graph\">{\"@context\":\"https:\/\/schema.org\",\"@graph\":[{\"@type\":\"WebPage\",\"@id\":\"https:\/\/eurocesped.com\/it\/collezione-paesaggio\/usi\/\",\"url\":\"https:\/\/eurocesped.com\/it\/collezione-paesaggio\/usi\/\",\"name\":\"Usi - C\u00e9sped artificial eurocesped\u00ae\",\"isPartOf\":{\"@id\":\"https:\/\/eurocesped.com\/#website\"},\"datePublished\":\"2021-07-12T07:36:01+00:00\",\"dateModified\":\"2021-12-02T19:03:29+00:00\",\"breadcrumb\":{\"@id\":\"https:\/\/eurocesped.com\/it\/collezione-paesaggio\/usi\/#breadcrumb\"},\"inLanguage\":\"it-IT\",\"potentialAction\":[{\"@type\":\"ReadAction\",\"target\":[\"https:\/\/eurocesped.com\/it\/collezione-paesaggio\/usi\/\"]}]},{\"@type\":\"BreadcrumbList\",\"@id\":\"https:\/\/eurocesped.com\/it\/collezione-paesaggio\/usi\/#breadcrumb\",\"itemListElement\":[{\"@type\":\"ListItem\",\"position\":1,\"name\":\"Portada\",\"item\":\"https:\/\/eurocesped.com\/it\/\"},{\"@type\":\"ListItem\",\"position\":2,\"name\":\"Collezione paesaggio\",\"item\":\"https:\/\/eurocesped.com\/it\/collezione-paesaggio\/\"},{\"@type\":\"ListItem\",\"position\":3,\"name\":\"Usi\"}]},{\"@type\":\"WebSite\",\"@id\":\"https:\/\/eurocesped.com\/#website\",\"url\":\"https:\/\/eurocesped.com\/\",\"name\":\"C\u00e9sped artificial eurocesped\u00ae\",\"description\":\"Distribuci\u00f3n y venta de c\u00e9sped artificial en Espa\u00f1a y Europa para Terraza, Jardines, Piscinas, Urbanismo, Eventos, Parques y Deportes. \u2705 \u00a1MUESTRAS GRATIS!\",\"publisher\":{\"@id\":\"https:\/\/eurocesped.com\/#organization\"},\"potentialAction\":[{\"@type\":\"SearchAction\",\"target\":{\"@type\":\"EntryPoint\",\"urlTemplate\":\"https:\/\/eurocesped.com\/?s={search_term_string}\"},\"query-input\":{\"@type\":\"PropertyValueSpecification\",\"valueRequired\":true,\"valueName\":\"search_term_string\"}}],\"inLanguage\":\"it-IT\"},{\"@type\":\"Organization\",\"@id\":\"https:\/\/eurocesped.com\/#organization\",\"name\":\"Eurocesped\",\"url\":\"https:\/\/eurocesped.com\/\",\"logo\":{\"@type\":\"ImageObject\",\"inLanguage\":\"it-IT\",\"@id\":\"https:\/\/eurocesped.com\/#\/schema\/logo\/image\/\",\"url\":\"https:\/\/eurocesped.com\/wp-content\/uploads\/2021\/06\/eurocesped-cesped-artificial-1024x1024-1.png\",\"contentUrl\":\"https:\/\/eurocesped.com\/wp-content\/uploads\/2021\/06\/eurocesped-cesped-artificial-1024x1024-1.png\",\"width\":1024,\"height\":1024,\"caption\":\"Eurocesped\"},\"image\":{\"@id\":\"https:\/\/eurocesped.com\/#\/schema\/logo\/image\/\"},\"sameAs\":[\"https:\/\/www.facebook.com\/eurocesped\",\"https:\/\/x.com\/eurocesped\",\"https:\/\/www.instagram.com\/eurocesped\",\"https:\/\/www.linkedin.com\/company\/e-dea-innovacion-s-l-?trk\",\"https:\/\/www.pinterest.es\/eurocesped\/\",\"https:\/\/www.youtube.com\/c\/EurocespedartificialEspana\"]}]}<\/script>\n<!-- \/ Yoast SEO plugin. -->","yoast_head_json":{"title":"Usi - C\u00e9sped artificial eurocesped\u00ae","robots":{"index":"index","follow":"follow","max-snippet":"max-snippet:-1","max-image-preview":"max-image-preview:large","max-video-preview":"max-video-preview:-1"},"canonical":"https:\/\/eurocesped.com\/it\/collezione-paesaggio\/usi\/","og_locale":"it_IT","og_type":"article","og_title":"Usi - C\u00e9sped artificial eurocesped\u00ae","og_description":"Usi Giardini e terrazze, piscine, per animali domestici, spazi pubblici, eventi, interior design \u2026 eurocesped\u00ae non ti lascer\u00e0 indifferente e diventer\u00e0 l\u2019alleato perfetto, come elemento tecnico e decorativo, per la tua prossima installazione. Scopri i possibili usi derivanti dalla versatilit\u00e0, dal benessere e dall\u2019estetica attenta che fornisce l\u2019erba artificiale. Eventi Al tuo prossimo evento stupisci [&hellip;]","og_url":"https:\/\/eurocesped.com\/it\/collezione-paesaggio\/usi\/","og_site_name":"C\u00e9sped artificial eurocesped\u00ae","article_publisher":"https:\/\/www.facebook.com\/eurocesped","article_modified_time":"2021-12-02T19:03:29+00:00","twitter_card":"summary_large_image","twitter_site":"@eurocesped","twitter_misc":{"Tempo di lettura stimato":"1 minuto"},"schema":{"@context":"https:\/\/schema.org","@graph":[{"@type":"WebPage","@id":"https:\/\/eurocesped.com\/it\/collezione-paesaggio\/usi\/","url":"https:\/\/eurocesped.com\/it\/collezione-paesaggio\/usi\/","name":"Usi - C\u00e9sped artificial eurocesped\u00ae","isPartOf":{"@id":"https:\/\/eurocesped.com\/#website"},"datePublished":"2021-07-12T07:36:01+00:00","dateModified":"2021-12-02T19:03:29+00:00","breadcrumb":{"@id":"https:\/\/eurocesped.com\/it\/collezione-paesaggio\/usi\/#breadcrumb"},"inLanguage":"it-IT","potentialAction":[{"@type":"ReadAction","target":["https:\/\/eurocesped.com\/it\/collezione-paesaggio\/usi\/"]}]},{"@type":"BreadcrumbList","@id":"https:\/\/eurocesped.com\/it\/collezione-paesaggio\/usi\/#breadcrumb","itemListElement":[{"@type":"ListItem","position":1,"name":"Portada","item":"https:\/\/eurocesped.com\/it\/"},{"@type":"ListItem","position":2,"name":"Collezione paesaggio","item":"https:\/\/eurocesped.com\/it\/collezione-paesaggio\/"},{"@type":"ListItem","position":3,"name":"Usi"}]},{"@type":"WebSite","@id":"https:\/\/eurocesped.com\/#website","url":"https:\/\/eurocesped.com\/","name":"C\u00e9sped artificial eurocesped\u00ae","description":"Distribuci\u00f3n y venta de c\u00e9sped artificial en Espa\u00f1a y Europa para Terraza, Jardines, Piscinas, Urbanismo, Eventos, Parques y Deportes. \u2705 \u00a1MUESTRAS GRATIS!","publisher":{"@id":"https:\/\/eurocesped.com\/#organization"},"potentialAction":[{"@type":"SearchAction","target":{"@type":"EntryPoint","urlTemplate":"https:\/\/eurocesped.com\/?s={search_term_string}"},"query-input":{"@type":"PropertyValueSpecification","valueRequired":true,"valueName":"search_term_string"}}],"inLanguage":"it-IT"},{"@type":"Organization","@id":"https:\/\/eurocesped.com\/#organization","name":"Eurocesped","url":"https:\/\/eurocesped.com\/","logo":{"@type":"ImageObject","inLanguage":"it-IT","@id":"https:\/\/eurocesped.com\/#\/schema\/logo\/image\/","url":"https:\/\/eurocesped.com\/wp-content\/uploads\/2021\/06\/eurocesped-cesped-artificial-1024x1024-1.png","contentUrl":"https:\/\/eurocesped.com\/wp-content\/uploads\/2021\/06\/eurocesped-cesped-artificial-1024x1024-1.png","width":1024,"height":1024,"caption":"Eurocesped"},"image":{"@id":"https:\/\/eurocesped.com\/#\/schema\/logo\/image\/"},"sameAs":["https:\/\/www.facebook.com\/eurocesped","https:\/\/x.com\/eurocesped","https:\/\/www.instagram.com\/eurocesped","https:\/\/www.linkedin.com\/company\/e-dea-innovacion-s-l-?trk","https:\/\/www.pinterest.es\/eurocesped\/","https:\/\/www.youtube.com\/c\/EurocespedartificialEspana"]}]}},"_links":{"self":[{"href":"https:\/\/eurocesped.com\/it\/wp-json\/wp\/v2\/pages\/80029","targetHints":{"allow":["GET"]}}],"collection":[{"href":"https:\/\/eurocesped.com\/it\/wp-json\/wp\/v2\/pages"}],"about":[{"href":"https:\/\/eurocesped.com\/it\/wp-json\/wp\/v2\/types\/page"}],"author":[{"embeddable":true,"href":"https:\/\/eurocesped.com\/it\/wp-json\/wp\/v2\/users\/6"}],"replies":[{"embeddable":true,"href":"https:\/\/eurocesped.com\/it\/wp-json\/wp\/v2\/comments?post=80029"}],"version-history":[{"count":0,"href":"https:\/\/eurocesped.com\/it\/wp-json\/wp\/v2\/pages\/80029\/revisions"}],"up":[{"embeddable":true,"href":"https:\/\/eurocesped.com\/it\/wp-json\/wp\/v2\/pages\/79811"}],"wp:attachment":[{"href":"https:\/\/eurocesped.com\/it\/wp-json\/wp\/v2\/media?parent=80029"}],"curies":[{"name":"wp","href":"https:\/\/api.w.org\/{rel}","templated":true}]}}