{"id":79626,"date":"2021-06-29T06:48:18","date_gmt":"2021-06-29T06:48:18","guid":{"rendered":"http:\/\/eurocesped.clientesplataforma.com\/garantia-de-eurocesped\/"},"modified":"2023-01-20T09:58:50","modified_gmt":"2023-01-20T09:58:50","slug":"garantia-da-eurocesped","status":"publish","type":"page","link":"https:\/\/eurocesped.com\/pt-pt\/assistencia-ao-cliente\/garantia-da-eurocesped\/","title":{"rendered":"Garantia da Eurocesped"},"content":{"rendered":"\t\t<div data-elementor-type=\"wp-page\" data-elementor-id=\"79626\" class=\"elementor elementor-79626 elementor-61400\">\n\t\t\t\t\t\t\t\t\t<section class=\"elementor-section elementor-top-section elementor-element elementor-element-c7f5d67 elementor-section-full_width elementor-section-height-default elementor-section-height-default\" data-id=\"c7f5d67\" data-element_type=\"section\" data-settings=\"{&quot;background_background&quot;:&quot;classic&quot;}\">\n\t\t\t\t\t\t<div class=\"elementor-container elementor-column-gap-default\">\n\t\t\t\t\t<div class=\"elementor-column elementor-col-100 elementor-top-column elementor-element elementor-element-8ca97e2\" data-id=\"8ca97e2\" data-element_type=\"column\">\n\t\t\t<div class=\"elementor-widget-wrap elementor-element-populated\">\n\t\t\t\t\t\t\t\t<div class=\"elementor-element elementor-element-ee6902f elementor-invisible elementor-widget elementor-widget-heading\" data-id=\"ee6902f\" data-element_type=\"widget\" data-settings=\"{&quot;_animation&quot;:&quot;fadeInDown&quot;}\" data-widget_type=\"heading.default\">\n\t\t\t\t<div class=\"elementor-widget-container\">\n\t\t\t<h2 class=\"elementor-heading-title elementor-size-default\">Garantia da Eurocesped\n<\/h2>\t\t<\/div>\n\t\t\t\t<\/div>\n\t\t\t\t<div class=\"elementor-element elementor-element-af3ca8b elementor-invisible elementor-widget elementor-widget-heading\" data-id=\"af3ca8b\" data-element_type=\"widget\" data-settings=\"{&quot;_animation&quot;:&quot;fadeInDown&quot;}\" data-widget_type=\"heading.default\">\n\t\t\t\t<div class=\"elementor-widget-container\">\n\t\t\t<h2 class=\"elementor-heading-title elementor-size-default\">Garantia m\u00e1xima\n<\/h2>\t\t<\/div>\n\t\t\t\t<\/div>\n\t\t\t\t\t<\/div>\n\t\t<\/div>\n\t\t\t\t\t\t\t<\/div>\n\t\t<\/section>\n\t\t\t\t<section class=\"elementor-section elementor-top-section elementor-element elementor-element-e2d4f82 elementor-section-full_width elementor-section-height-default elementor-section-height-default\" data-id=\"e2d4f82\" data-element_type=\"section\">\n\t\t\t\t\t\t<div class=\"elementor-container elementor-column-gap-default\">\n\t\t\t\t\t<div class=\"elementor-column elementor-col-100 elementor-top-column elementor-element elementor-element-1df3a1c\" data-id=\"1df3a1c\" data-element_type=\"column\">\n\t\t\t<div class=\"elementor-widget-wrap elementor-element-populated\">\n\t\t\t\t\t\t\t\t<section class=\"elementor-section elementor-inner-section elementor-element elementor-element-081a6be elementor-section-boxed elementor-section-height-default elementor-section-height-default\" data-id=\"081a6be\" data-element_type=\"section\">\n\t\t\t\t\t\t<div class=\"elementor-container elementor-column-gap-default\">\n\t\t\t\t\t<div class=\"elementor-column elementor-col-100 elementor-inner-column elementor-element elementor-element-2116f06\" data-id=\"2116f06\" data-element_type=\"column\">\n\t\t\t<div class=\"elementor-widget-wrap elementor-element-populated\">\n\t\t\t\t\t\t\t\t<div class=\"elementor-element elementor-element-1d5bf64 elementor-invisible elementor-widget elementor-widget-heading\" data-id=\"1d5bf64\" data-element_type=\"widget\" data-settings=\"{&quot;_animation&quot;:&quot;fadeInUp&quot;}\" data-widget_type=\"heading.default\">\n\t\t\t\t<div class=\"elementor-widget-container\">\n\t\t\t<p class=\"elementor-heading-title elementor-size-default\">Os nossos produtos s\u00e3o garantidos por um per\u00edodo m\u00ednimo de 8 anos, embora, na realidade, possa obter uma vida \u00fatil entre os 15 e os 20 anos, seguindo alguns conselhos simples de manuten\u00e7\u00e3o.\n\n<\/p>\t\t<\/div>\n\t\t\t\t<\/div>\n\t\t\t\t\t<\/div>\n\t\t<\/div>\n\t\t\t\t\t\t\t<\/div>\n\t\t<\/section>\n\t\t\t\t<section class=\"elementor-section elementor-inner-section elementor-element elementor-element-0e1a6e4 elementor-section-boxed elementor-section-height-default elementor-section-height-default\" data-id=\"0e1a6e4\" data-element_type=\"section\">\n\t\t\t\t\t\t<div class=\"elementor-container elementor-column-gap-default\">\n\t\t\t\t\t<div class=\"elementor-column elementor-col-100 elementor-inner-column elementor-element elementor-element-a04c3d1\" data-id=\"a04c3d1\" data-element_type=\"column\" data-settings=\"{&quot;background_background&quot;:&quot;classic&quot;}\">\n\t\t\t<div class=\"elementor-widget-wrap elementor-element-populated\">\n\t\t\t\t\t\t\t\t<div class=\"elementor-element elementor-element-dc4c82e elementor-invisible elementor-widget elementor-widget-heading\" data-id=\"dc4c82e\" data-element_type=\"widget\" data-settings=\"{&quot;_animation&quot;:&quot;fadeInDown&quot;}\" data-widget_type=\"heading.default\">\n\t\t\t\t<div class=\"elementor-widget-container\">\n\t\t\t<h2 class=\"elementor-heading-title elementor-size-default\">Registe a sua garantia\n<\/h2>\t\t<\/div>\n\t\t\t\t<\/div>\n\t\t\t\t<div class=\"elementor-element elementor-element-0303a58 elementor-widget elementor-widget-elementskit-contact-form7\" data-id=\"0303a58\" data-element_type=\"widget\" data-widget_type=\"elementskit-contact-form7.default\">\n\t\t\t\t<div class=\"elementor-widget-container\">\n\t\t\t<div class=\"ekit-wid-con\" ><div class=\"ekit-form\"><div class=\"wpcf7 no-js\" id=\"wpcf7-f47760-o1\" lang=\"es-ES\" dir=\"ltr\">\n<div class=\"screen-reader-response\"><p role=\"status\" aria-live=\"polite\" aria-atomic=\"true\"><\/p> <ul><\/ul><\/div>\n<form action=\"\/pt-pt\/wp-json\/wp\/v2\/pages\/79626#wpcf7-f47760-o1\" method=\"post\" class=\"wpcf7-form init\" aria-label=\"Formulario de contacto\" novalidate=\"novalidate\" data-status=\"init\">\n<div style=\"display: none;\">\n<input type=\"hidden\" name=\"_wpcf7\" value=\"47760\" \/>\n<input type=\"hidden\" name=\"_wpcf7_version\" value=\"5.7.2\" \/>\n<input type=\"hidden\" name=\"_wpcf7_locale\" value=\"es_ES\" \/>\n<input type=\"hidden\" name=\"_wpcf7_unit_tag\" value=\"wpcf7-f47760-o1\" \/>\n<input type=\"hidden\" name=\"_wpcf7_container_post\" value=\"0\" \/>\n<input type=\"hidden\" name=\"_wpcf7_posted_data_hash\" value=\"\" \/>\n<input type=\"hidden\" name=\"_wpcf7_recaptcha_response\" value=\"\" \/>\n<\/div>\n<div id=\"form-general\">\n\t<div class=\"form-box stk-double-box\">\n\t\t<div class=\"form-box-left\">\n\t\t\t<p><label>Nome <small>(obrigat\u00f3rio)<\/small><\/label><span class=\"wpcf7-form-control-wrap\" data-name=\"form-nombre\"><input size=\"40\" class=\"wpcf7-form-control wpcf7-text wpcf7-validates-as-required\" aria-required=\"true\" aria-invalid=\"false\" placeholder=\"o seu nome\" value=\"\" type=\"text\" name=\"form-nombre\" \/><\/span>\n\t\t\t<\/p>\n\t\t<\/div>\n\t\t<div class=\"form-box-right\">\n\t\t\t<p><label>Apelido\/s <small>(obrigat\u00f3rio)<\/small><\/label><span class=\"wpcf7-form-control-wrap\" data-name=\"form-apellidos\"><input size=\"40\" class=\"wpcf7-form-control wpcf7-text wpcf7-validates-as-required\" aria-required=\"true\" aria-invalid=\"false\" placeholder=\"os seus apelidos\" value=\"\" type=\"text\" name=\"form-apellidos\" \/><\/span>\n\t\t\t<\/p>\n\t\t<\/div>\n\t<\/div>\n\t<div class=\"form-box stk-double-box\">\n\t\t<div class=\"form-box-left\">\n\t\t\t<p><label>email <small>(obrigat\u00f3rio)<\/small><\/label><span class=\"wpcf7-form-control-wrap\" data-name=\"form-email\"><input size=\"40\" class=\"wpcf7-form-control wpcf7-text wpcf7-email wpcf7-validates-as-required wpcf7-validates-as-email\" aria-required=\"true\" aria-invalid=\"false\" placeholder=\"o seu e-mail v\u00e1lido\" value=\"\" type=\"email\" name=\"form-email\" \/><\/span>\n\t\t\t<\/p>\n\t\t<\/div>\n\t\t<div class=\"form-box-right\">\n\t\t\t<p><label>Telefone <small>(obrigat\u00f3rio)<\/small><\/label><span class=\"wpcf7-form-control-wrap\" data-name=\"form-telefono\"><input size=\"40\" class=\"wpcf7-form-control wpcf7-text wpcf7-tel wpcf7-validates-as-required wpcf7-validates-as-tel\" aria-required=\"true\" aria-invalid=\"false\" placeholder=\"o seu telefone\" value=\"\" type=\"tel\" name=\"form-telefono\" \/><\/span>\n\t\t\t<\/p>\n\t\t<\/div>\n\t<\/div>\n\t<div class=\"form-box\">\n\t\t<p><label>Morada <small>(obrigat\u00f3rio)<\/small><\/label><span class=\"wpcf7-form-control-wrap\" data-name=\"form-direccion\"><input size=\"40\" class=\"wpcf7-form-control wpcf7-text wpcf7-validates-as-required\" aria-required=\"true\" aria-invalid=\"false\" placeholder=\"onde entregaremos?\" value=\"\" type=\"text\" name=\"form-direccion\" \/><\/span>\n\t\t<\/p>\n\t<\/div>\n\t<div class=\"form-box\">\n\t\t<div class=\"form-box-33-left\">\n\t\t\t<p><label>CP <small>(obrigat\u00f3rio)<\/small><\/label><span class=\"wpcf7-form-control-wrap\" data-name=\"form-postal\"><input size=\"40\" class=\"wpcf7-form-control wpcf7-text wpcf7-validates-as-required\" aria-required=\"true\" aria-invalid=\"false\" placeholder=\"C\u00f3digo postal\" value=\"\" type=\"text\" name=\"form-postal\" \/><\/span>\n\t\t\t<\/p>\n\t\t<\/div>\n\t\t<div class=\"form-box-33-center\">\n\t\t\t<p><label>Cidade <small>(obrigat\u00f3rio)<\/small><\/label><span class=\"wpcf7-form-control-wrap\" data-name=\"form-poblacion\"><input size=\"40\" class=\"wpcf7-form-control wpcf7-text wpcf7-validates-as-required\" aria-required=\"true\" aria-invalid=\"false\" placeholder=\"onde est\u00e1?\" value=\"\" type=\"text\" name=\"form-poblacion\" \/><\/span>\n\t\t\t<\/p>\n\t\t<\/div>\n\t\t<div class=\"form-box-33-right\">\n\t\t\t<p><label>Prov\u00edncia <small>(obrigat\u00f3rio)<\/small><\/label><span class=\"wpcf7-form-control-wrap\" data-name=\"form-provincia\"><input size=\"40\" class=\"wpcf7-form-control wpcf7-text wpcf7-validates-as-required\" aria-required=\"true\" aria-invalid=\"false\" placeholder=\"a sua prov\u00edncia\" value=\"\" type=\"text\" name=\"form-provincia\" \/><\/span>\n\t\t\t<\/p>\n\t\t<\/div>\n\t<\/div>\n\t<div class=\"form-box stk-double-box\">\n\t\t<div class=\"form-box-left\">\n\t\t\t<p><label>Produto instalado <small>(obrigat\u00f3rio)<\/small><\/label><span class=\"wpcf7-form-control-wrap\" data-name=\"form-producto\"><input size=\"40\" class=\"wpcf7-form-control wpcf7-text wpcf7-validates-as-required\" aria-required=\"true\" aria-invalid=\"false\" placeholder=\"produto\" value=\"\" type=\"text\" name=\"form-producto\" \/><\/span>\n\t\t\t<\/p>\n\t\t<\/div>\n\t\t<div class=\"form-box-right\">\n\t\t\t<p><label>Data de instala\u00e7\u00e3o <small>(obrigat\u00f3rio)<\/small><\/label><span class=\"wpcf7-form-control-wrap\" data-name=\"form-fecha-instalacion\"><input size=\"40\" class=\"wpcf7-form-control wpcf7-text wpcf7-validates-as-required\" aria-required=\"true\" aria-invalid=\"false\" placeholder=\"quando instalou?\" value=\"\" type=\"text\" name=\"form-fecha-instalacion\" \/><\/span>\n\t\t\t<\/p>\n\t\t<\/div>\n\t<\/div>\n\t<div class=\"form-box stk-double-box\">\n\t\t<div class=\"form-box-left\">\n\t\t\t<p><label>Instalador <small>(obrigat\u00f3rio)<\/small><\/label><span class=\"wpcf7-form-control-wrap\" data-name=\"form-instalador\"><input size=\"40\" class=\"wpcf7-form-control wpcf7-text wpcf7-validates-as-required\" aria-required=\"true\" aria-invalid=\"false\" value=\"quem instalou?\" type=\"text\" name=\"form-instalador\" \/><\/span>\n\t\t\t<\/p>\n\t\t<\/div>\n\t\t<div class=\"form-box-right\">\n\t\t\t<p><label>N.\u00ba da fatura <small>(obrigat\u00f3rio)<\/small><\/label><span class=\"wpcf7-form-control-wrap\" data-name=\"form-factura\"><input size=\"40\" class=\"wpcf7-form-control wpcf7-text wpcf7-validates-as-required\" aria-required=\"true\" aria-invalid=\"false\" placeholder=\"a sua fatura\" value=\"\" type=\"text\" name=\"form-factura\" \/><\/span>\n\t\t\t<\/p>\n\t\t<\/div>\n\t<\/div>\n\t<div class=\"form-box\">\n\t\t<p><label>Coment\u00e1rios adicionais<\/label><span class=\"wpcf7-form-control-wrap\" data-name=\"form-mensaje\"><textarea cols=\"40\" rows=\"10\" class=\"wpcf7-form-control wpcf7-textarea\" aria-invalid=\"false\" name=\"form-mensaje\"><\/textarea><\/span>\n\t\t<\/p>\n\t<\/div>\n\t<div class=\"form-box\">\n\t\t<p><span class=\"wpcf7-form-control-wrap\" data-name=\"form-legal\"><span class=\"wpcf7-form-control wpcf7-acceptance\"><span class=\"wpcf7-list-item\"><label><input type=\"checkbox\" name=\"form-legal\" value=\"1\" aria-invalid=\"false\" \/><span class=\"wpcf7-list-item-label\">Li e ACEITO a <a href=\"https:\/\/www.eurocesped.com\/pt-pt\/politica-de-privacidade\/\">pol\u00edtica de privacidade<\/a>.<\/span><\/label><\/span><\/span><\/span>\n\t\t<\/p>\n\t<\/div>\n<hr \/>\n\t<div class=\"form-box\">\n\t\t<p><input class=\"wpcf7-form-control has-spinner wpcf7-submit\" type=\"submit\" value=\"Registar a garantia\" \/>\n\t\t<\/p>\n\t<\/div>\n<\/div><div class=\"wpcf7-response-output\" aria-hidden=\"true\"><\/div><\/form><\/div><\/div><\/div>\t\t<\/div>\n\t\t\t\t<\/div>\n\t\t\t\t\t<\/div>\n\t\t<\/div>\n\t\t\t\t\t\t\t<\/div>\n\t\t<\/section>\n\t\t\t\t\t<\/div>\n\t\t<\/div>\n\t\t\t\t\t\t\t<\/div>\n\t\t<\/section>\n\t\t\t\t\t\t\t<\/div>\n\t\t","protected":false},"excerpt":{"rendered":"<p>Garantia da Eurocesped Garantia m\u00e1xima Os nossos produtos s\u00e3o garantidos por um per\u00edodo m\u00ednimo de 8 anos, embora, na realidade, possa obter uma vida \u00fatil entre os 15 e os 20 anos, seguindo alguns conselhos simples de manuten\u00e7\u00e3o. Registe a sua garantia Nome (obrigat\u00f3rio) Apelido\/s (obrigat\u00f3rio) email (obrigat\u00f3rio) Telefone (obrigat\u00f3rio) Morada (obrigat\u00f3rio) CP (obrigat\u00f3rio) Cidade [&hellip;]<\/p>\n","protected":false},"author":6,"featured_media":0,"parent":79799,"menu_order":0,"comment_status":"closed","ping_status":"closed","template":"elementor_header_footer","meta":{"_joinchat":[],"footnotes":""},"class_list":["post-79626","page","type-page","status-publish","hentry"],"yoast_head":"<!-- This site is optimized with the Yoast SEO plugin v24.3 - https:\/\/yoast.com\/wordpress\/plugins\/seo\/ -->\n<title>Garantia da Eurocesped - C\u00e9sped artificial eurocesped\u00ae<\/title>\n<meta name=\"robots\" content=\"index, follow, max-snippet:-1, max-image-preview:large, max-video-preview:-1\" \/>\n<link rel=\"canonical\" href=\"https:\/\/eurocesped.com\/en\/customer-support\/eurocesped-guarantee\/\" \/>\n<meta property=\"og:locale\" content=\"pt_PT\" \/>\n<meta property=\"og:type\" content=\"article\" \/>\n<meta property=\"og:title\" content=\"Garantia da Eurocesped - C\u00e9sped artificial eurocesped\u00ae\" \/>\n<meta property=\"og:description\" content=\"Garantia da Eurocesped Garantia m\u00e1xima Os nossos produtos s\u00e3o garantidos por um per\u00edodo m\u00ednimo de 8 anos, embora, na realidade, possa obter uma vida \u00fatil entre os 15 e os 20 anos, seguindo alguns conselhos simples de manuten\u00e7\u00e3o. Registe a sua garantia Nome (obrigat\u00f3rio) Apelido\/s (obrigat\u00f3rio) email (obrigat\u00f3rio) Telefone (obrigat\u00f3rio) Morada (obrigat\u00f3rio) CP (obrigat\u00f3rio) Cidade [&hellip;]\" \/>\n<meta property=\"og:url\" content=\"https:\/\/eurocesped.com\/en\/customer-support\/eurocesped-guarantee\/\" \/>\n<meta property=\"og:site_name\" content=\"C\u00e9sped artificial eurocesped\u00ae\" \/>\n<meta property=\"article:publisher\" content=\"https:\/\/www.facebook.com\/eurocesped\" \/>\n<meta property=\"article:modified_time\" content=\"2023-01-20T09:58:50+00:00\" \/>\n<meta name=\"twitter:card\" content=\"summary_large_image\" \/>\n<meta name=\"twitter:site\" content=\"@eurocesped\" \/>\n<meta name=\"twitter:label1\" content=\"Tempo estimado de leitura\" \/>\n\t<meta name=\"twitter:data1\" content=\"1 minuto\" \/>\n<script type=\"application\/ld+json\" class=\"yoast-schema-graph\">{\"@context\":\"https:\/\/schema.org\",\"@graph\":[{\"@type\":\"WebPage\",\"@id\":\"https:\/\/eurocesped.com\/en\/customer-support\/eurocesped-guarantee\/\",\"url\":\"https:\/\/eurocesped.com\/en\/customer-support\/eurocesped-guarantee\/\",\"name\":\"Garantia da Eurocesped - C\u00e9sped artificial eurocesped\u00ae\",\"isPartOf\":{\"@id\":\"https:\/\/eurocesped.com\/#website\"},\"datePublished\":\"2021-06-29T06:48:18+00:00\",\"dateModified\":\"2023-01-20T09:58:50+00:00\",\"breadcrumb\":{\"@id\":\"https:\/\/eurocesped.com\/en\/customer-support\/eurocesped-guarantee\/#breadcrumb\"},\"inLanguage\":\"pt-PT\",\"potentialAction\":[{\"@type\":\"ReadAction\",\"target\":[\"https:\/\/eurocesped.com\/en\/customer-support\/eurocesped-guarantee\/\"]}]},{\"@type\":\"BreadcrumbList\",\"@id\":\"https:\/\/eurocesped.com\/en\/customer-support\/eurocesped-guarantee\/#breadcrumb\",\"itemListElement\":[{\"@type\":\"ListItem\",\"position\":1,\"name\":\"Portada\",\"item\":\"https:\/\/eurocesped.com\/pt-pt\/\"},{\"@type\":\"ListItem\",\"position\":2,\"name\":\"Assistencia ao cliente\",\"item\":\"https:\/\/eurocesped.com\/en\/customer-support\/\"},{\"@type\":\"ListItem\",\"position\":3,\"name\":\"Garantia da Eurocesped\"}]},{\"@type\":\"WebSite\",\"@id\":\"https:\/\/eurocesped.com\/#website\",\"url\":\"https:\/\/eurocesped.com\/\",\"name\":\"C\u00e9sped artificial eurocesped\u00ae\",\"description\":\"Distribuci\u00f3n y venta de c\u00e9sped artificial en Espa\u00f1a y Europa para Terraza, Jardines, Piscinas, Urbanismo, Eventos, Parques y Deportes. \u2705 \u00a1MUESTRAS GRATIS!\",\"publisher\":{\"@id\":\"https:\/\/eurocesped.com\/#organization\"},\"potentialAction\":[{\"@type\":\"SearchAction\",\"target\":{\"@type\":\"EntryPoint\",\"urlTemplate\":\"https:\/\/eurocesped.com\/?s={search_term_string}\"},\"query-input\":{\"@type\":\"PropertyValueSpecification\",\"valueRequired\":true,\"valueName\":\"search_term_string\"}}],\"inLanguage\":\"pt-PT\"},{\"@type\":\"Organization\",\"@id\":\"https:\/\/eurocesped.com\/#organization\",\"name\":\"Eurocesped\",\"url\":\"https:\/\/eurocesped.com\/\",\"logo\":{\"@type\":\"ImageObject\",\"inLanguage\":\"pt-PT\",\"@id\":\"https:\/\/eurocesped.com\/#\/schema\/logo\/image\/\",\"url\":\"https:\/\/eurocesped.com\/wp-content\/uploads\/2021\/06\/eurocesped-cesped-artificial-1024x1024-1.png\",\"contentUrl\":\"https:\/\/eurocesped.com\/wp-content\/uploads\/2021\/06\/eurocesped-cesped-artificial-1024x1024-1.png\",\"width\":1024,\"height\":1024,\"caption\":\"Eurocesped\"},\"image\":{\"@id\":\"https:\/\/eurocesped.com\/#\/schema\/logo\/image\/\"},\"sameAs\":[\"https:\/\/www.facebook.com\/eurocesped\",\"https:\/\/x.com\/eurocesped\",\"https:\/\/www.instagram.com\/eurocesped\",\"https:\/\/www.linkedin.com\/company\/e-dea-innovacion-s-l-?trk\",\"https:\/\/www.pinterest.es\/eurocesped\/\",\"https:\/\/www.youtube.com\/c\/EurocespedartificialEspana\"]}]}<\/script>\n<!-- \/ Yoast SEO plugin. -->","yoast_head_json":{"title":"Garantia da Eurocesped - C\u00e9sped artificial eurocesped\u00ae","robots":{"index":"index","follow":"follow","max-snippet":"max-snippet:-1","max-image-preview":"max-image-preview:large","max-video-preview":"max-video-preview:-1"},"canonical":"https:\/\/eurocesped.com\/en\/customer-support\/eurocesped-guarantee\/","og_locale":"pt_PT","og_type":"article","og_title":"Garantia da Eurocesped - C\u00e9sped artificial eurocesped\u00ae","og_description":"Garantia da Eurocesped Garantia m\u00e1xima Os nossos produtos s\u00e3o garantidos por um per\u00edodo m\u00ednimo de 8 anos, embora, na realidade, possa obter uma vida \u00fatil entre os 15 e os 20 anos, seguindo alguns conselhos simples de manuten\u00e7\u00e3o. Registe a sua garantia Nome (obrigat\u00f3rio) Apelido\/s (obrigat\u00f3rio) email (obrigat\u00f3rio) Telefone (obrigat\u00f3rio) Morada (obrigat\u00f3rio) CP (obrigat\u00f3rio) Cidade [&hellip;]","og_url":"https:\/\/eurocesped.com\/en\/customer-support\/eurocesped-guarantee\/","og_site_name":"C\u00e9sped artificial eurocesped\u00ae","article_publisher":"https:\/\/www.facebook.com\/eurocesped","article_modified_time":"2023-01-20T09:58:50+00:00","twitter_card":"summary_large_image","twitter_site":"@eurocesped","twitter_misc":{"Tempo estimado de leitura":"1 minuto"},"schema":{"@context":"https:\/\/schema.org","@graph":[{"@type":"WebPage","@id":"https:\/\/eurocesped.com\/en\/customer-support\/eurocesped-guarantee\/","url":"https:\/\/eurocesped.com\/en\/customer-support\/eurocesped-guarantee\/","name":"Garantia da Eurocesped - C\u00e9sped artificial eurocesped\u00ae","isPartOf":{"@id":"https:\/\/eurocesped.com\/#website"},"datePublished":"2021-06-29T06:48:18+00:00","dateModified":"2023-01-20T09:58:50+00:00","breadcrumb":{"@id":"https:\/\/eurocesped.com\/en\/customer-support\/eurocesped-guarantee\/#breadcrumb"},"inLanguage":"pt-PT","potentialAction":[{"@type":"ReadAction","target":["https:\/\/eurocesped.com\/en\/customer-support\/eurocesped-guarantee\/"]}]},{"@type":"BreadcrumbList","@id":"https:\/\/eurocesped.com\/en\/customer-support\/eurocesped-guarantee\/#breadcrumb","itemListElement":[{"@type":"ListItem","position":1,"name":"Portada","item":"https:\/\/eurocesped.com\/pt-pt\/"},{"@type":"ListItem","position":2,"name":"Assistencia ao cliente","item":"https:\/\/eurocesped.com\/en\/customer-support\/"},{"@type":"ListItem","position":3,"name":"Garantia da Eurocesped"}]},{"@type":"WebSite","@id":"https:\/\/eurocesped.com\/#website","url":"https:\/\/eurocesped.com\/","name":"C\u00e9sped artificial eurocesped\u00ae","description":"Distribuci\u00f3n y venta de c\u00e9sped artificial en Espa\u00f1a y Europa para Terraza, Jardines, Piscinas, Urbanismo, Eventos, Parques y Deportes. \u2705 \u00a1MUESTRAS GRATIS!","publisher":{"@id":"https:\/\/eurocesped.com\/#organization"},"potentialAction":[{"@type":"SearchAction","target":{"@type":"EntryPoint","urlTemplate":"https:\/\/eurocesped.com\/?s={search_term_string}"},"query-input":{"@type":"PropertyValueSpecification","valueRequired":true,"valueName":"search_term_string"}}],"inLanguage":"pt-PT"},{"@type":"Organization","@id":"https:\/\/eurocesped.com\/#organization","name":"Eurocesped","url":"https:\/\/eurocesped.com\/","logo":{"@type":"ImageObject","inLanguage":"pt-PT","@id":"https:\/\/eurocesped.com\/#\/schema\/logo\/image\/","url":"https:\/\/eurocesped.com\/wp-content\/uploads\/2021\/06\/eurocesped-cesped-artificial-1024x1024-1.png","contentUrl":"https:\/\/eurocesped.com\/wp-content\/uploads\/2021\/06\/eurocesped-cesped-artificial-1024x1024-1.png","width":1024,"height":1024,"caption":"Eurocesped"},"image":{"@id":"https:\/\/eurocesped.com\/#\/schema\/logo\/image\/"},"sameAs":["https:\/\/www.facebook.com\/eurocesped","https:\/\/x.com\/eurocesped","https:\/\/www.instagram.com\/eurocesped","https:\/\/www.linkedin.com\/company\/e-dea-innovacion-s-l-?trk","https:\/\/www.pinterest.es\/eurocesped\/","https:\/\/www.youtube.com\/c\/EurocespedartificialEspana"]}]}},"_links":{"self":[{"href":"https:\/\/eurocesped.com\/pt-pt\/wp-json\/wp\/v2\/pages\/79626","targetHints":{"allow":["GET"]}}],"collection":[{"href":"https:\/\/eurocesped.com\/pt-pt\/wp-json\/wp\/v2\/pages"}],"about":[{"href":"https:\/\/eurocesped.com\/pt-pt\/wp-json\/wp\/v2\/types\/page"}],"author":[{"embeddable":true,"href":"https:\/\/eurocesped.com\/pt-pt\/wp-json\/wp\/v2\/users\/6"}],"replies":[{"embeddable":true,"href":"https:\/\/eurocesped.com\/pt-pt\/wp-json\/wp\/v2\/comments?post=79626"}],"version-history":[{"count":3,"href":"https:\/\/eurocesped.com\/pt-pt\/wp-json\/wp\/v2\/pages\/79626\/revisions"}],"predecessor-version":[{"id":88877,"href":"https:\/\/eurocesped.com\/pt-pt\/wp-json\/wp\/v2\/pages\/79626\/revisions\/88877"}],"up":[{"embeddable":true,"href":"https:\/\/eurocesped.com\/pt-pt\/wp-json\/wp\/v2\/pages\/79799"}],"wp:attachment":[{"href":"https:\/\/eurocesped.com\/pt-pt\/wp-json\/wp\/v2\/media?parent=79626"}],"curies":[{"name":"wp","href":"https:\/\/api.w.org\/{rel}","templated":true}]}}